{"id":13041,"date":"2024-07-04T19:07:51","date_gmt":"2024-07-04T22:07:51","guid":{"rendered":"https:\/\/amusicavive.com\/2024\/?page_id=13041"},"modified":"2025-11-11T13:11:07","modified_gmt":"2025-11-11T16:11:07","slug":"landing-page-artistas-gilsons","status":"publish","type":"page","link":"https:\/\/amusicavive.com\/2024\/landing-page-artistas-gilsons\/","title":{"rendered":"Artistas AMV &#8211; Gilsons"},"content":{"rendered":"<div class=\"wpb-content-wrapper\"><p>[vc_row content_width=&#8221;full&#8221; equal_height=&#8221;&#8221; shift_y=&#8221;0&#8243; z_index=&#8221;0&#8243; css=&#8221;.vc_custom_1718639417679{margin-top: 0px !important;margin-right: 0px !important;margin-bottom: 0px !important;margin-left: 0px !important;padding-top: 0px !important;padding-right: 0px !important;padding-bottom: 0px !important;padding-left: 0px !important;}&#8221;][vc_column content_type=&#8221;block-media&#8221; shift_x=&#8221;0&#8243; shift_y=&#8221;0&#8243; z_index=&#8221;0&#8243; css=&#8221;.vc_custom_1716251430684{margin: 0px !important;padding: 0px !important;border: 0px initial !important;}&#8221;][vc_single_image image=&#8221;13364&#8243; img_size=&#8221;full&#8221; full_width=&#8221;1&#8243; opacity=&#8221;100&#8243; animated_svg=&#8221;1&#8243; max_width=&#8221;100%&#8221; css=&#8221;.vc_custom_1727198366068{margin-right: 0px !important;margin-left: 0px !important;border-right-width: 0px !important;border-left-width: 0px !important;padding-right: 0px !important;padding-left: 0px !important;}&#8221;][\/vc_column][\/vc_row][vc_row equal_height=&#8221;&#8221; background_type=&#8221;image&#8221; background_color=&#8221;custom&#8221; background_img_lazyload=&#8221;1&#8243; shift_y=&#8221;0&#8243; z_index=&#8221;0&#8243; background_custom_color=&#8221;#292829&#8243;][vc_column content_placement=&#8221;middle&#8221; text_alignment=&#8221;center&#8221; shift_x=&#8221;0&#8243; shift_y=&#8221;0&#8243; z_index=&#8221;0&#8243;][vc_video link=&#8221;https:\/\/www.youtube.com\/watch?v=bBHPq3UQFsw&#8221; inline_style=&#8221;align:center;&#8221;][\/vc_column][\/vc_row][vc_row content_width=&#8221;full&#8221; full_height=&#8221;yes&#8221; columns_placement=&#8221;stretch&#8221; equal_height=&#8221;&#8221; font_color=&#8221;light&#8221; background_type=&#8221;image&#8221; background_color=&#8221;custom&#8221; background_img_lazyload=&#8221;1&#8243; shift_y=&#8221;0&#8243; z_index=&#8221;0&#8243; css=&#8221;.vc_custom_1718640233290{margin-top: 0px !important;margin-right: 0px !important;margin-bottom: 0px !important;margin-left: 0px !important;}&#8221; background_custom_color=&#8221;#292829&#8243;][vc_column width=&#8221;1\/2&#8243; background_type=&#8221;image&#8221; background_color=&#8221;custom&#8221; background_img_lazyload=&#8221;1&#8243; shift_x=&#8221;0&#8243; shift_y=&#8221;0&#8243; z_index=&#8221;0&#8243; background_custom_color=&#8221;#292829&#8243;][vc_column_text css=&#8221;.vc_custom_1720131153662{padding-top: 30px !important;}&#8221;]<\/p>\n<h1 style=\"line-height: 36px; font-size: 42px; color: #fff !important;\">MISTURANDO SAMBA, POP, AFOX\u00c9, RAP, FUNK E, CLARO, MPB, O TRIO RENOVA A PROPOSTA DA M\u00daSICA JOVEM ATUAL.<\/h1>\n<p><img loading=\"lazy\" decoding=\"async\" class=\"alignnone size-full wp-image-12893\" src=\"https:\/\/amusicavive.com\/2024\/wp-content\/uploads\/2024\/06\/funkcolegusta-site_AMV_0000s_0001_Buttom.png\" alt=\"\" width=\"123\" height=\"29\" \/>[\/vc_column_text][vc_column_text]<\/p>\n<p style=\"color: #fff;\">Os Gilsons s\u00e3o um trio formado pelos artistas e tamb\u00e9m familiares Jos\u00e9 Gil, Francisco Gil e Jo\u00e3o Gil, nascidos e criados no meio musical.<\/p>\n<p>Assim, o ber\u00e7o de ritmos baianos comp\u00f5e o estilo do grupo, misturados a uma roupagem moderna recheada de pop, samba, m\u00fasica eletr\u00f4nica e ritmos afro.<\/p>\n<p>Logo, essa mistura resulta na proposta de sonoridade que \u00e9 a cara da nova MPB, com mensagens de amor, sensibilidade e emo\u00e7\u00f5es intensas.<\/p>\n<p>A banda surgiu ap\u00f3s uma apresenta\u00e7\u00e3o ao vivo em um evento que reunia artistas nacionais. Dessa forma, Jos\u00e9 convidou os sobrinhos e, dessa uni\u00e3o, surgiram ideias e um projeto de sucesso.<\/p>\n<p>Antes dessa forma\u00e7\u00e3o, o trio j\u00e1 possu\u00eda uma outra banda em parceria com diferentes m\u00fasicos, como Magno Brito e Luthuli Ayodele. Logo, a experi\u00eancia pr\u00e9via contribuiu para que os Gilsons j\u00e1 chegassem com din\u00e2mica e maturidade profissional.<\/p>\n<p>[\/vc_column_text][\/vc_column][vc_column content_type=&#8221;block-media&#8221; width=&#8221;1\/2&#8243; background_type=&#8221;image&#8221; background_color=&#8221;custom&#8221; background_img_lazyload=&#8221;1&#8243; shift_x=&#8221;0&#8243; shift_y=&#8221;0&#8243; z_index=&#8221;0&#8243; background_custom_color=&#8221;#292829&#8243; max_width=&#8221;100%&#8221; css=&#8221;.vc_custom_1718642978660{margin-top: -40px !important;margin-right: 0px !important;margin-left: 0px !important;border-right-width: 0px !important;border-left-width: 0px !important;padding-right: 0px !important;padding-left: 0px !important;}&#8221;][vc_raw_html]JTNDaWZyYW1lJTIwc3R5bGUlM0QlMjJib3JkZXItcmFkaXVzJTNBMTJweCUyMiUyMHNyYyUzRCUyMmh0dHBzJTNBJTJGJTJGb3Blbi5zcG90aWZ5LmNvbSUyRmVtYmVkJTJGYXJ0aXN0JTJGNnE3bk1JVmdHb2hRMTRtU3NxM0Y4dCUzRnV0bV9zb3VyY2UlM0RnZW5lcmF0b3IlMjZ0aGVtZSUzRDAlMjIlMjB3aWR0aCUzRCUyMjEwMCUyNSUyMiUyMGhlaWdodCUzRCUyMjM1MiUyMiUyMGZyYW1lQm9yZGVyJTNEJTIyMCUyMiUyMGFsbG93ZnVsbHNjcmVlbiUzRCUyMiUyMiUyMGFsbG93JTNEJTIyYXV0b3BsYXklM0IlMjBjbGlwYm9hcmQtd3JpdGUlM0IlMjBlbmNyeXB0ZWQtbWVkaWElM0IlMjBmdWxsc2NyZWVuJTNCJTIwcGljdHVyZS1pbi1waWN0dXJlJTIyJTIwbG9hZGluZyUzRCUyMiUyMiUzRSUzQyUyRmlmcmFtZSUzRQ==[\/vc_raw_html][vc_single_image image=&#8221;12894&#8243; img_size=&#8221;full&#8221; full_width=&#8221;1&#8243; opacity=&#8221;100&#8243; animated_svg=&#8221;1&#8243; max_width=&#8221;100%&#8221; css_animation=&#8221;slide-left&#8221; css_animation_delay=&#8221;600&#8243; css=&#8221;.vc_custom_1718639890260{margin-right: 0px !important;margin-bottom: 0px !important;margin-left: 0px !important;border-right-width: 0px !important;border-bottom-width: 0px !important;border-left-width: 0px !important;padding-right: 0px !important;padding-bottom: 0px !important;padding-left: 0px !important;}&#8221;][\/vc_column][\/vc_row][vc_row content_width=&#8221;full&#8221; equal_height=&#8221;&#8221; shift_y=&#8221;0&#8243; z_index=&#8221;0&#8243;][vc_column content_type=&#8221;block-media&#8221; background_type=&#8221;transparent&#8221; shift_x=&#8221;0&#8243; shift_y=&#8221;0&#8243; z_index=&#8221;0&#8243; sticky=&#8221;true&#8221;][vc_button title=&#8221;BAIXAR MATERIAL DO ARTISTA&#8221; color=&#8221;custom&#8221; size=&#8221;lg&#8221; i_type=&#8221;fontawesome&#8221; i_icon_fontawesome=&#8221;fas fa-download&#8221; font_weight=&#8221;400&#8243; button_block=&#8221;true&#8221; add_icon=&#8221;true&#8221; link=&#8221;url:https%3A%2F%2Fdrive.google.com%2Ffile%2Fd%2F1vSJSUXbA2xigcz8FWs7znOelKx6eRYHd%2Fview%3Fusp%3Dsharing|target:_blank&#8221; custom_color=&#8221;#020101&#8243; inline_style=&#8221;font-size: 150%;&#8221;][\/vc_column][\/vc_row][vc_row column_type=&#8221;block&#8221; font_color=&#8221;light&#8221; shift_y=&#8221;0&#8243; z_index=&#8221;0&#8243;][vc_column width=&#8221;1\/3&#8243; background_type=&#8221;image&#8221; background_color=&#8221;custom&#8221; background_img_lazyload=&#8221;1&#8243; shift_x=&#8221;0&#8243; shift_y=&#8221;0&#8243; z_index=&#8221;0&#8243; background_custom_color=&#8221;#65b170&#8243;][vc_column_text css=&#8221;.vc_custom_1720540365671{padding-top: 10px !important;}&#8221;]<\/p>\n<h1 style=\"line-height: 10px; font-size: 32px; color: #000 !important;\">MPB<\/h1>\n<h1 style=\"line-height: 10px; font-size: 32px; color: #fff !important;\">POP<\/h1>\n<h1 style=\"line-height: 10px; font-size: 32px; color: #000 !important;\">M\u00cdDIAS<\/h1>\n<div style=\"margin-top: -20px;\">\n<div style=\"float: left; margin-right: 15px; font-size: 150%;\"><a href=\"https:\/\/www.instagram.com\/gilsonsoficial\/\" target=\"_blank\" rel=\"noopener\"><i class=\"fas fa-fa-brands fa-instagram\"><\/i><\/a><\/div>\n<div style=\"float: left; margin-right: 15px; font-size: 150%;\"><a href=\"https:\/\/www.youtube.com\/@GilsonsOficial\" target=\"_blank\" rel=\"noopener\"><i class=\"fas fa-fa-brands fa-youtube\"><\/i><\/a><\/div>\n<div style=\"float: left; margin-right: 8px; font-size: 150%;\"><a href=\"https:\/\/open.spotify.com\/artist\/6q7nMIVgGohQ14mSsq3F8t?si=A6ntvWbQQdKfQhMJa-0Hvw\" target=\"_blank\" rel=\"noopener\"><i class=\"fas fa-fa-brands fa-spotify\"><\/i><\/a><\/div>\n<\/div>\n<p>[\/vc_column_text][\/vc_column][vc_column width=&#8221;2\/3&#8243; background_type=&#8221;image&#8221; background_color=&#8221;custom&#8221; background_img_lazyload=&#8221;1&#8243; shift_x=&#8221;0&#8243; shift_y=&#8221;0&#8243; z_index=&#8221;0&#8243; background_custom_color=&#8221;#009ddb&#8221;][vc_column_text]Misturando diversos g\u00eaneros, como samba, pop, afox\u00e9, rap, funk e, claro, MPB, o trio renova a proposta da m\u00fasica jovem atual. Assim, a banda celebra suas influ\u00eancias baianas e a ancestralidade da fam\u00edlia, por meio de grandes sucessos.<\/p>\n<p><a href=\"https:\/\/www.instagram.com\/gilsonsoficial\/\"><span style=\"font-size: 18pt;\">@gilsonsoficial<\/span><\/a><\/p>\n<p>*AMV \u00e9 representante comercial do artista no estado de SP[\/vc_column_text][\/vc_column][\/vc_row][vc_row content_width=&#8221;full&#8221; equal_height=&#8221;&#8221; shift_y=&#8221;0&#8243; z_index=&#8221;0&#8243;][vc_column content_type=&#8221;block-media&#8221; background_type=&#8221;transparent&#8221; shift_x=&#8221;0&#8243; shift_y=&#8221;0&#8243; z_index=&#8221;0&#8243; sticky=&#8221;true&#8221;][vc_button title=&#8221;SOLICITE A SUA PROPOSTA DE SHOW&#8221; color=&#8221;custom&#8221; size=&#8221;lg&#8221; i_type=&#8221;fontawesome&#8221; i_icon_fontawesome=&#8221;fas fa-volume-up&#8221; font_weight=&#8221;400&#8243; button_block=&#8221;true&#8221; add_icon=&#8221;true&#8221; link=&#8221;url:https%3A%2F%2Famusicavive.com%2Fcontrate%2F|target:_blank&#8221; custom_color=&#8221;#65b170&#8243; inline_style=&#8221;font-size: 150%;&#8221;][\/vc_column][\/vc_row][vc_row columns_placement=&#8221;middle&#8221; equal_height=&#8221;&#8221; hide_class=&#8221;wvc-hide-tablet&#8221; background_type=&#8221;image&#8221; background_color=&#8221;transparent&#8221; background_img=&#8221;12856&#8243; background_position=&#8221;center bottom&#8221; background_size=&#8221;contain&#8221; background_img_lazyload=&#8221;1&#8243; shift_y=&#8221;0&#8243; z_index=&#8221;0&#8243;][vc_column width=&#8221;1\/2&#8243; background_type=&#8221;image&#8221; background_position=&#8221;center bottom&#8221; background_img_lazyload=&#8221;1&#8243; shift_x=&#8221;0&#8243; shift_y=&#8221;0&#8243; z_index=&#8221;0&#8243; css=&#8221;.vc_custom_1718473488281{padding-top: 0px !important;}&#8221;][vc_single_image image=&#8221;12340&#8243; full_width=&#8221;&#8221; opacity=&#8221;100&#8243; max_width=&#8221;50%&#8221;][\/vc_column][vc_column width=&#8221;1\/4&#8243; shift_x=&#8221;0&#8243; shift_y=&#8221;0&#8243; z_index=&#8221;0&#8243; css=&#8221;.vc_custom_1718473313670{padding-bottom: 30px !important;}&#8221;][vc_column_text text_align_mobile=&#8221;center&#8221;]<span style=\"color: #f06798; font-weight: bold; font-size: 110%;\">Contato<\/span><\/p>\n<div>\n<div style=\"float: left; margin-right: 15px; font-size: 130%;\"><a href=\"https:\/\/www.linkedin.com\/company\/amusicavive\/\" target=\"_blank\" rel=\"noopener\"><i class=\"fas fa-fa-brands fa-linkedin-in\"><\/i><\/a><\/div>\n<div style=\"float: left; margin-right: 15px; font-size: 130%;\"><a href=\"https:\/\/open.spotify.com\/user\/jvuehrfiay1ssl1rbrp6g3meu?si=ad7082f25f8843ea\" target=\"_blank\" rel=\"noopener\"><i class=\"fas fa-fa-brands fa-spotify\"><\/i><\/a><\/div>\n<div style=\"float: left; margin-right: 8px; font-size: 130%;\"><a href=\"https:\/\/www.instagram.com\/a.musica.vive\/\" target=\"_blank\" rel=\"noopener\"><i class=\"fas fa-fa-brands fa-instagram\"><\/i><\/a><\/div>\n<\/div>\n<p>&nbsp;<\/p>\n<div style=\"float: left;\"><a href=\"mailto:atendimento@amusicavive.com\" target=\"_blank\" rel=\"noopener\">atendimento@amusicavive.com<\/a><br \/>\n+55 11 99984 9567<br \/>\n1091 Av Presidente Kennedy<br \/>\nPiracicaba, S\u00e3o Paulo<br \/>\n13417-050<\/div>\n<p>[\/vc_column_text][\/vc_column][vc_column width=&#8221;1\/4&#8243;][vc_column_text text_align_mobile=&#8221;center&#8221;]<span style=\"color: #fdb940; font-weight: bold; font-size: 110%;\">Sobre n\u00f3s<\/span><\/p>\n<p><a href=\"https:\/\/amusicavive.com\/2024\/landing-page-artistas-amv\/\">Conhe\u00e7a nossos artistas<\/a><br \/>\n<a href=\"https:\/\/amusicavive.com\/contrate\" target=\"_blank\" rel=\"noopener\">Solicitar proposta<\/a><br \/>\n<a href=\"https:\/\/amusicavive.com\/2024\/quem-somos-amv\">Quem somos<\/a><br \/>\n<a href=\"https:\/\/amusicavive.com\/2024\/experiencias-musicais-amv\/\">Experi\u00eancias musicais<\/a><br \/>\n<a href=\"https:\/\/www.reserva.ink\/amusicavive\" target=\"_blank\" rel=\"noopener\">Loja<\/a><br \/>\n<a href=\"https:\/\/amusicavive.com\/agenda\" target=\"_blank\" rel=\"noopener\">Agenda<\/a>[\/vc_column_text][\/vc_column][\/vc_row][vc_row columns_placement=&#8221;middle&#8221; equal_height=&#8221;&#8221; hide_class=&#8221;wvc-show-tablet&#8221; background_type=&#8221;image&#8221; background_color=&#8221;transparent&#8221; background_img=&#8221;12856&#8243; background_position=&#8221;center bottom&#8221; background_size=&#8221;contain&#8221; background_img_lazyload=&#8221;1&#8243; shift_y=&#8221;0&#8243; z_index=&#8221;0&#8243;][vc_column width=&#8221;1\/2&#8243; background_type=&#8221;image&#8221; background_position=&#8221;center bottom&#8221; background_img_lazyload=&#8221;1&#8243; shift_x=&#8221;0&#8243; shift_y=&#8221;0&#8243; z_index=&#8221;0&#8243; css=&#8221;.vc_custom_1718473488281{padding-top: 0px !important;}&#8221;][vc_single_image image=&#8221;12340&#8243; full_width=&#8221;&#8221; opacity=&#8221;100&#8243; max_width=&#8221;50%&#8221;][\/vc_column][vc_column width=&#8221;1\/2&#8243; shift_x=&#8221;0&#8243; shift_y=&#8221;0&#8243; z_index=&#8221;0&#8243; css=&#8221;.vc_custom_1718473313670{padding-bottom: 30px !important;}&#8221;][vc_column_text text_align_mobile=&#8221;center&#8221;]<\/p>\n<p style=\"text-align: center;\"><span style=\"color: #f06798; font-weight: bold; font-size: 110%;\">Contato<\/span><\/p>\n<div style=\"text-align: center;\">\n<div style=\"font-size: 120%;\"><a href=\"https:\/\/www.linkedin.com\/company\/amusicavive\/\" target=\"_blank\" rel=\"noopener\"><i class=\"fas fa-fa-brands fa-linkedin-in\"><\/i><\/a><\/div>\n<div style=\"font-size: 120%;\"><a href=\"https:\/\/open.spotify.com\/user\/jvuehrfiay1ssl1rbrp6g3meu?si=ad7082f25f8843ea\" target=\"_blank\" rel=\"noopener\"><i class=\"fas fa-fa-brands fa-spotify\"><\/i><\/a><\/div>\n<div style=\"font-size: 120%;\"><a href=\"https:\/\/www.instagram.com\/a.musica.vive\/\" target=\"_blank\" rel=\"noopener\"><i class=\"fas fa-fa-brands fa-instagram\"><\/i><\/a><\/div>\n<\/div>\n<div>\n<p style=\"text-align: center;\"><a href=\"mailto:atendimento@amusicavive.com\" target=\"_blank\" rel=\"noopener\">atendimento@amusicavive.com<\/a><br \/>\n+55 11 99984 9567<\/p>\n<p style=\"text-align: center;\">1091 Av Presidente Kennedy<br \/>\nPiracicaba, S\u00e3o Paulo<br \/>\n13417-050<\/p>\n<\/div>\n<p>[\/vc_column_text][vc_column_text text_align_mobile=&#8221;center&#8221;]<span style=\"color: #fdb940; font-weight: bold; font-size: 110%;\">Sobre n\u00f3s<\/span><\/p>\n<p><a href=\"https:\/\/amusicavive.com\/2024\/landing-page-artistas-amv\/\">Conhe\u00e7a nossos artistas<\/a><br \/>\n<a href=\"https:\/\/amusicavive.com\/contrate\" target=\"_blank\" rel=\"noopener\">Solicitar proposta<\/a><br \/>\n<a href=\"https:\/\/amusicavive.com\/2024\/quem-somos-amv\">Quem somos<\/a><br \/>\n<a href=\"https:\/\/amusicavive.com\/2024\/experiencias-musicais-amv\/\">Experi\u00eancias musicais<\/a><br \/>\n<a href=\"https:\/\/www.reserva.ink\/amusicavive\" target=\"_blank\" rel=\"noopener\">Loja<\/a><br \/>\n<a href=\"https:\/\/amusicavive.com\/agenda\" target=\"_blank\" rel=\"noopener\">Agenda<\/a>[\/vc_column_text][\/vc_column][\/vc_row]<\/p>\n<\/div>","protected":false},"excerpt":{"rendered":"<p>[vc_row content_width=&#8221;full&#8221; equal_height=&#8221;&#8221; shift_y=&#8221;0&#8243; z_index=&#8221;0&#8243; css=&#8221;.vc_custom_1718639417679{margin-top: 0px !important;margin-right: 0px !important;margin-bottom: 0px !important;margin-left: 0px !important;padding-top: 0px !important;padding-right: 0px !important;padding-bottom: 0px !important;padding-left: 0px !important;}&#8221;][vc_column content_type=&#8221;block-media&#8221; shift_x=&#8221;0&#8243; shift_y=&#8221;0&#8243; z_index=&#8221;0&#8243; css=&#8221;.vc_custom_1716251430684{margin: 0px !important;padding: 0px !important;border: 0px initial !important;}&#8221;][vc_single_image image=&#8221;13364&#8243; img_size=&#8221;full&#8221; full_width=&#8221;1&#8243; opacity=&#8221;100&#8243; animated_svg=&#8221;1&#8243; max_width=&#8221;100%&#8221; css=&#8221;.vc_custom_1727198366068{margin-right: 0px !important;margin-left: 0px !important;border-right-width: 0px !important;border-left-width: 0px !important;padding-right: 0px !important;padding-left: 0px !important;}&#8221;][\/vc_column][\/vc_row][vc_row equal_height=&#8221;&#8221; background_type=&#8221;image&#8221;&#8230;<\/p>\n<p><a rel=\"bookmark\" class=\"theme-button-text wvc-button wvc-button-size-xs\" href=\"https:\/\/amusicavive.com\/2024\/landing-page-artistas-gilsons\/\"><small class=\"wvc-button-background-fill\"><\/small><span>Continue reading<\/span><\/a><\/p>\n","protected":false},"author":9,"featured_media":0,"parent":0,"menu_order":0,"comment_status":"closed","ping_status":"closed","template":"","meta":{"footnotes":""},"class_list":{"0":"post-13041","1":"page","2":"type-page","3":"status-publish","4":"hentry","5":"entry","6":"clearfix","7":"entry-grid","8":"entry-columns-default","9":"entry-page-module-layout-standard","10":"is-youtube","11":"has-video","12":"no-post-thumbnail","13":"entry-page","15":"entry-page-grid"},"_links":{"self":[{"href":"https:\/\/amusicavive.com\/2024\/wp-json\/wp\/v2\/pages\/13041"}],"collection":[{"href":"https:\/\/amusicavive.com\/2024\/wp-json\/wp\/v2\/pages"}],"about":[{"href":"https:\/\/amusicavive.com\/2024\/wp-json\/wp\/v2\/types\/page"}],"author":[{"embeddable":true,"href":"https:\/\/amusicavive.com\/2024\/wp-json\/wp\/v2\/users\/9"}],"replies":[{"embeddable":true,"href":"https:\/\/amusicavive.com\/2024\/wp-json\/wp\/v2\/comments?post=13041"}],"version-history":[{"count":12,"href":"https:\/\/amusicavive.com\/2024\/wp-json\/wp\/v2\/pages\/13041\/revisions"}],"predecessor-version":[{"id":13519,"href":"https:\/\/amusicavive.com\/2024\/wp-json\/wp\/v2\/pages\/13041\/revisions\/13519"}],"wp:attachment":[{"href":"https:\/\/amusicavive.com\/2024\/wp-json\/wp\/v2\/media?parent=13041"}],"curies":[{"name":"wp","href":"https:\/\/api.w.org\/{rel}","templated":true}]}}