{"id":13063,"date":"2024-07-05T10:24:52","date_gmt":"2024-07-05T13:24:52","guid":{"rendered":"https:\/\/amusicavive.com\/2024\/?page_id=13063"},"modified":"2025-11-11T13:14:31","modified_gmt":"2025-11-11T16:14:31","slug":"landing-page-artistas-abrakbca","status":"publish","type":"page","link":"https:\/\/amusicavive.com\/2024\/landing-page-artistas-abrakbca\/","title":{"rendered":"Artistas AMV &#8211; ABRAKB\u00c7A"},"content":{"rendered":"<div class=\"wpb-content-wrapper\"><p>[vc_row content_width=&#8221;full&#8221; equal_height=&#8221;&#8221; shift_y=&#8221;0&#8243; z_index=&#8221;0&#8243; css=&#8221;.vc_custom_1718639417679{margin-top: 0px !important;margin-right: 0px !important;margin-bottom: 0px !important;margin-left: 0px !important;padding-top: 0px !important;padding-right: 0px !important;padding-bottom: 0px !important;padding-left: 0px !important;}&#8221;][vc_column content_type=&#8221;block-media&#8221; shift_x=&#8221;0&#8243; shift_y=&#8221;0&#8243; z_index=&#8221;0&#8243; css=&#8221;.vc_custom_1716251430684{margin: 0px !important;padding: 0px !important;border: 0px initial !important;}&#8221;][vc_single_image image=&#8221;13064&#8243; img_size=&#8221;full&#8221; full_width=&#8221;1&#8243; opacity=&#8221;100&#8243; animated_svg=&#8221;1&#8243; max_width=&#8221;100%&#8221; css=&#8221;.vc_custom_1720185571005{margin-right: 0px !important;margin-left: 0px !important;border-right-width: 0px !important;border-left-width: 0px !important;padding-right: 0px !important;padding-left: 0px !important;}&#8221;][\/vc_column][\/vc_row][vc_row equal_height=&#8221;&#8221; background_type=&#8221;image&#8221; background_color=&#8221;custom&#8221; background_img_lazyload=&#8221;1&#8243; shift_y=&#8221;0&#8243; z_index=&#8221;0&#8243; background_custom_color=&#8221;#292829&#8243;][vc_column content_placement=&#8221;middle&#8221; text_alignment=&#8221;center&#8221; shift_x=&#8221;0&#8243; shift_y=&#8221;0&#8243; z_index=&#8221;0&#8243;][vc_video link=&#8221;https:\/\/youtu.be\/h9UCR1KtyC4&#8243; inline_style=&#8221;align:center;&#8221;][\/vc_column][\/vc_row][vc_row content_width=&#8221;full&#8221; full_height=&#8221;yes&#8221; columns_placement=&#8221;stretch&#8221; equal_height=&#8221;&#8221; font_color=&#8221;light&#8221; background_type=&#8221;image&#8221; background_color=&#8221;custom&#8221; background_img_lazyload=&#8221;1&#8243; shift_y=&#8221;0&#8243; z_index=&#8221;0&#8243; css=&#8221;.vc_custom_1718640233290{margin-top: 0px !important;margin-right: 0px !important;margin-bottom: 0px !important;margin-left: 0px !important;}&#8221; background_custom_color=&#8221;#292829&#8243;][vc_column width=&#8221;1\/2&#8243; background_type=&#8221;image&#8221; background_color=&#8221;custom&#8221; background_img_lazyload=&#8221;1&#8243; shift_x=&#8221;0&#8243; shift_y=&#8221;0&#8243; z_index=&#8221;0&#8243; background_custom_color=&#8221;#292829&#8243;][vc_column_text css=&#8221;.vc_custom_1720185812394{padding-top: 30px !important;}&#8221;]<\/p>\n<h1 style=\"line-height: 36px; font-size: 42px; color: #fff !important;\">RENAN INQU\u00c9RITO EM \u201cABRAKB\u00c7A UMA VIAGEM AO MUNDO M\u00c1GICO DO HIP HOP&#8221;.<\/h1>\n<p><img loading=\"lazy\" decoding=\"async\" class=\"alignnone size-full wp-image-12893\" src=\"https:\/\/amusicavive.com\/2024\/wp-content\/uploads\/2024\/06\/funkcolegusta-site_AMV_0000s_0001_Buttom.png\" alt=\"\" width=\"123\" height=\"29\" \/>[\/vc_column_text][vc_column_text]<\/p>\n<p style=\"color: #fff;\">ABRAKB\u00c7A \u00e9 um passeio divertido em um universo l\u00fadico criado por um MC M\u00e1gico encantador de palavras, conectando a atitude do hip-hop e a criatividade das crian\u00e7as. Nessa viagem, somos todos convidados a entrar no seu chap\u00e9u, um mundo cheio de magia, onde as ideias mais mirabolantes acontecem.<\/p>\n<p>Uma verdadeira homenagem \u00e0 import\u00e2ncia do hip-hop enquanto movimento cultural e social, numa experi\u00eancia in\u00e9dita, despertando as crian\u00e7as que habitam em cada um de n\u00f3s, da inf\u00e2ncia \u00e0 melhor idade.<\/p>\n<p>Em ABRAKB\u00c7A o hip-hop vira super her\u00f3i, e seus quatro elementos (MC, DJ, BREAK e GRAFITE) viram super poderes: CANTAR, TOCAR, DAN\u00c7AR e PINTAR, coisas que toda crian\u00e7a faz, por isso\u2026 TODA CRIAN\u00c7A \u00c9 HIP HOP!<\/p>\n<p>O MC M\u00e1gico de ABRAKB\u00c7A \u00e9 RENAN INQU\u00c9RITO, um RAPeiro e SARAUzeiro que utiliza a m\u00fasica e a literatura como ferramenta de transforma\u00e7\u00e3o e interfer\u00eancia social. Compositor, Mestre (sem) Cerim\u00f4nias e Doutor em EDUCA\u00c7\u00c3O OSTENTA\u00c7\u00c3O. Atua na cultura Hip-Hop desde 1997 e possui parcerias gravadas com grandes artistas como Emicida, Ellen Ol\u00e9ria, Dexter, Tulipa Ruiz, Natiruts, KL Jay (Racionais), Arnaldo Antunes, Zeca Baleiro, Rael, Adriana Calcanhoto, O Teatro M\u00e1gico, Mato Seco e Rashid.<\/p>\n<p>A proposta \u00e9 aproximar as CRIAN\u00c7AS e as FAM\u00cdLIAS do universo hip-hop e de sua m\u00fasica. Cenografia, ilumina\u00e7\u00e3o, figurinos e sonoriza\u00e7\u00e3o, proporcionar\u00e3o ao p\u00fablico um PASSEIO M\u00c1GICO, interativo e encantador viajan do por beats, scratches, coreografias e rimas.<\/p>\n<p>[\/vc_column_text][\/vc_column][vc_column content_type=&#8221;block-media&#8221; width=&#8221;1\/2&#8243; background_type=&#8221;image&#8221; background_color=&#8221;custom&#8221; background_img_lazyload=&#8221;1&#8243; shift_x=&#8221;0&#8243; shift_y=&#8221;0&#8243; z_index=&#8221;0&#8243; background_custom_color=&#8221;#292829&#8243; max_width=&#8221;100%&#8221; css=&#8221;.vc_custom_1718642978660{margin-top: -40px !important;margin-right: 0px !important;margin-left: 0px !important;border-right-width: 0px !important;border-left-width: 0px !important;padding-right: 0px !important;padding-left: 0px !important;}&#8221;][vc_raw_html css=&#8221;&#8221;]JTNDaWZyYW1lJTIwc3R5bGUlM0QlMjJib3JkZXItcmFkaXVzJTNBMTJweCUyMiUyMHNyYyUzRCUyMmh0dHBzJTNBJTJGJTJGb3Blbi5zcG90aWZ5LmNvbSUyRmVtYmVkJTJGYWxidW0lMkY2Zm9yUWhnOGM4QVdLclZWcEtXTTNLJTNGdXRtX3NvdXJjZSUzRGdlbmVyYXRvciUyNnRoZW1lJTNEMCUyMiUyMHdpZHRoJTNEJTIyMTAwJTI1JTIyJTIwaGVpZ2h0JTNEJTIyMzUyJTIyJTIwZnJhbWVCb3JkZXIlM0QlMjIwJTIyJTIwYWxsb3dmdWxsc2NyZWVuJTNEJTIyJTIyJTIwYWxsb3clM0QlMjJhdXRvcGxheSUzQiUyMGNsaXBib2FyZC13cml0ZSUzQiUyMGVuY3J5cHRlZC1tZWRpYSUzQiUyMGZ1bGxzY3JlZW4lM0IlMjBwaWN0dXJlLWluLXBpY3R1cmUlMjIlMjBsb2FkaW5nJTNEJTIyJTIyJTNFJTNDJTJGaWZyYW1lJTNF[\/vc_raw_html][vc_single_image image=&#8221;12894&#8243; img_size=&#8221;full&#8221; full_width=&#8221;1&#8243; opacity=&#8221;100&#8243; animated_svg=&#8221;1&#8243; max_width=&#8221;100%&#8221; css_animation=&#8221;slide-left&#8221; css_animation_delay=&#8221;600&#8243; css=&#8221;.vc_custom_1718639890260{margin-right: 0px !important;margin-bottom: 0px !important;margin-left: 0px !important;border-right-width: 0px !important;border-bottom-width: 0px !important;border-left-width: 0px !important;padding-right: 0px !important;padding-bottom: 0px !important;padding-left: 0px !important;}&#8221;][\/vc_column][\/vc_row][vc_row content_width=&#8221;full&#8221; equal_height=&#8221;&#8221; shift_y=&#8221;0&#8243; z_index=&#8221;0&#8243;][vc_column content_type=&#8221;block-media&#8221; background_type=&#8221;transparent&#8221; shift_x=&#8221;0&#8243; shift_y=&#8221;0&#8243; z_index=&#8221;0&#8243; sticky=&#8221;true&#8221;][vc_button title=&#8221;BAIXAR MATERIAL DO ARTISTA&#8221; color=&#8221;custom&#8221; size=&#8221;lg&#8221; i_type=&#8221;fontawesome&#8221; i_icon_fontawesome=&#8221;fas fa-download&#8221; font_weight=&#8221;400&#8243; button_block=&#8221;true&#8221; add_icon=&#8221;true&#8221; link=&#8221;url:https%3A%2F%2Fdrive.google.com%2Ffile%2Fd%2F1Na7fssWbP4XLBPUMJ6HLF3-fT_WzKFDz%2Fview%3Fusp%3Dsharing|target:_blank&#8221; custom_color=&#8221;#020101&#8243; inline_style=&#8221;font-size: 150%;&#8221;][\/vc_column][\/vc_row][vc_row column_type=&#8221;block&#8221; font_color=&#8221;light&#8221; shift_y=&#8221;0&#8243; z_index=&#8221;0&#8243;][vc_column width=&#8221;1\/3&#8243; background_type=&#8221;image&#8221; background_color=&#8221;custom&#8221; background_img_lazyload=&#8221;1&#8243; shift_x=&#8221;0&#8243; shift_y=&#8221;0&#8243; z_index=&#8221;0&#8243; background_custom_color=&#8221;#65b170&#8243;][vc_column_text css=&#8221;.vc_custom_1720540052303{padding-top: 10px !important;}&#8221;]<\/p>\n<h1 style=\"line-height: 10px; font-size: 32px; color: #000 !important;\">G\u00caNERO<\/h1>\n<h1 style=\"line-height: 10px; font-size: 32px; color: #fff !important;\">HIP HOP<\/h1>\n<h1 style=\"line-height: 10px; font-size: 32px; color: #000 !important;\">M\u00cdDIAS<\/h1>\n<div style=\"margin-top: -20px;\">\n<div style=\"float: left; margin-right: 15px; font-size: 150%;\"><a href=\"https:\/\/www.instagram.com\/abra.kbca\/\" target=\"_blank\" rel=\"noopener\"><i class=\"fas fa-fa-brands fa-instagram\"><\/i><\/a><\/div>\n<div style=\"float: left; margin-right: 15px; font-size: 150%;\"><a href=\"https:\/\/www.youtube.com\/@ABRAKBCA.YOUTUBE\" target=\"_blank\" rel=\"noopener\"><i class=\"fas fa-fa-brands fa-youtube\"><\/i><\/a><\/div>\n<div style=\"float: left; margin-right: 8px; font-size: 150%;\"><a href=\"https:\/\/open.spotify.com\/artist\/1XHITGfBYvtspAD4panO5g?si=Gm3Gg1WwRQqS0sqPGpU_QA\" target=\"_blank\" rel=\"noopener\"><i class=\"fas fa-fa-brands fa-spotify\"><\/i><\/a><\/div>\n<\/div>\n<p>[\/vc_column_text][\/vc_column][vc_column width=&#8221;2\/3&#8243; background_type=&#8221;image&#8221; background_color=&#8221;custom&#8221; background_img_lazyload=&#8221;1&#8243; shift_x=&#8221;0&#8243; shift_y=&#8221;0&#8243; z_index=&#8221;0&#8243; background_custom_color=&#8221;#009ddb&#8221;][vc_column_text]ABRAKB\u00c7A \u00e9 um passeio divertido em um universo l\u00fadico criado por um MC M\u00c1GICO encantador de palavras, conectando a atitude do hip-hop e a criatividade das crian\u00e7as. Um projeto que transita entre diferentes linguagens e plataformas, passando por M\u00fasica, V\u00eddeo, Show, Livro, e Viv\u00eancias em Arte Educa\u00e7\u00e3o.<\/p>\n<p><span style=\"font-size: 18pt; color: #000!important;\"><strong><a href=\"http:\/\/abrakbca.com.br\" target=\"_blank\" rel=\"noopener\">abrakbca.com.br<\/a><\/strong><\/span>[\/vc_column_text][\/vc_column][\/vc_row][vc_row content_width=&#8221;full&#8221; equal_height=&#8221;&#8221; shift_y=&#8221;0&#8243; z_index=&#8221;0&#8243;][vc_column content_type=&#8221;block-media&#8221; background_type=&#8221;transparent&#8221; shift_x=&#8221;0&#8243; shift_y=&#8221;0&#8243; z_index=&#8221;0&#8243; sticky=&#8221;true&#8221;][vc_button title=&#8221;SOLICITE A SUA PROPOSTA DE SHOW&#8221; color=&#8221;custom&#8221; size=&#8221;lg&#8221; i_type=&#8221;fontawesome&#8221; i_icon_fontawesome=&#8221;fas fa-volume-up&#8221; font_weight=&#8221;400&#8243; button_block=&#8221;true&#8221; add_icon=&#8221;true&#8221; link=&#8221;url:https%3A%2F%2Famusicavive.com%2Fcontrate%2F|target:_blank&#8221; custom_color=&#8221;#65b170&#8243; inline_style=&#8221;font-size: 150%;&#8221;][\/vc_column][\/vc_row][vc_row columns_placement=&#8221;middle&#8221; equal_height=&#8221;&#8221; hide_class=&#8221;wvc-hide-tablet&#8221; background_type=&#8221;image&#8221; background_color=&#8221;transparent&#8221; background_img=&#8221;12856&#8243; background_position=&#8221;center bottom&#8221; background_size=&#8221;contain&#8221; background_img_lazyload=&#8221;1&#8243; shift_y=&#8221;0&#8243; z_index=&#8221;0&#8243;][vc_column width=&#8221;1\/2&#8243; background_type=&#8221;image&#8221; background_position=&#8221;center bottom&#8221; background_img_lazyload=&#8221;1&#8243; shift_x=&#8221;0&#8243; shift_y=&#8221;0&#8243; z_index=&#8221;0&#8243; css=&#8221;.vc_custom_1718473488281{padding-top: 0px !important;}&#8221;][vc_single_image image=&#8221;12340&#8243; full_width=&#8221;&#8221; opacity=&#8221;100&#8243; max_width=&#8221;50%&#8221;][\/vc_column][vc_column width=&#8221;1\/4&#8243; shift_x=&#8221;0&#8243; shift_y=&#8221;0&#8243; z_index=&#8221;0&#8243; css=&#8221;.vc_custom_1718473313670{padding-bottom: 30px !important;}&#8221;][vc_column_text text_align_mobile=&#8221;center&#8221;]<span style=\"color: #f06798; font-weight: bold; font-size: 110%;\">Contato<\/span><\/p>\n<div>\n<div style=\"float: left; margin-right: 15px; font-size: 130%;\"><a href=\"https:\/\/www.linkedin.com\/company\/amusicavive\/\" target=\"_blank\" rel=\"noopener\"><i class=\"fas fa-fa-brands fa-linkedin-in\"><\/i><\/a><\/div>\n<div style=\"float: left; margin-right: 15px; font-size: 130%;\"><a href=\"https:\/\/open.spotify.com\/user\/jvuehrfiay1ssl1rbrp6g3meu?si=ad7082f25f8843ea\" target=\"_blank\" rel=\"noopener\"><i class=\"fas fa-fa-brands fa-spotify\"><\/i><\/a><\/div>\n<div style=\"float: left; margin-right: 8px; font-size: 130%;\"><a href=\"https:\/\/www.instagram.com\/a.musica.vive\/\" target=\"_blank\" rel=\"noopener\"><i class=\"fas fa-fa-brands fa-instagram\"><\/i><\/a><\/div>\n<\/div>\n<p>&nbsp;<\/p>\n<div style=\"float: left;\"><a href=\"mailto:atendimento@amusicavive.com\" target=\"_blank\" rel=\"noopener\">atendimento@amusicavive.com<\/a><br \/>\n+55 11 99984 9567<br \/>\n1091 Av Presidente Kennedy<br \/>\nPiracicaba, S\u00e3o Paulo<br \/>\n13417-050<\/div>\n<p>[\/vc_column_text][\/vc_column][vc_column width=&#8221;1\/4&#8243;][vc_column_text text_align_mobile=&#8221;center&#8221;]<span style=\"color: #fdb940; font-weight: bold; font-size: 110%;\">Sobre n\u00f3s<\/span><\/p>\n<p><a href=\"https:\/\/amusicavive.com\/2024\/landing-page-artistas-amv\/\">Conhe\u00e7a nossos artistas<\/a><br \/>\n<a href=\"https:\/\/amusicavive.com\/contrate\" target=\"_blank\" rel=\"noopener\">Solicitar proposta<\/a><br \/>\n<a href=\"https:\/\/amusicavive.com\/2024\/quem-somos-amv\">Quem somos<\/a><br \/>\n<a href=\"https:\/\/amusicavive.com\/2024\/experiencias-musicais-amv\/\">Experi\u00eancias musicais<\/a><br \/>\n<a href=\"https:\/\/www.reserva.ink\/amusicavive\" target=\"_blank\" rel=\"noopener\">Loja<\/a><br \/>\n<a href=\"https:\/\/amusicavive.com\/agenda\" target=\"_blank\" rel=\"noopener\">Agenda<\/a>[\/vc_column_text][\/vc_column][\/vc_row][vc_row columns_placement=&#8221;middle&#8221; equal_height=&#8221;&#8221; hide_class=&#8221;wvc-show-tablet&#8221; background_type=&#8221;image&#8221; background_color=&#8221;transparent&#8221; background_img=&#8221;12856&#8243; background_position=&#8221;center bottom&#8221; background_size=&#8221;contain&#8221; background_img_lazyload=&#8221;1&#8243; shift_y=&#8221;0&#8243; z_index=&#8221;0&#8243;][vc_column width=&#8221;1\/2&#8243; background_type=&#8221;image&#8221; background_position=&#8221;center bottom&#8221; background_img_lazyload=&#8221;1&#8243; shift_x=&#8221;0&#8243; shift_y=&#8221;0&#8243; z_index=&#8221;0&#8243; css=&#8221;.vc_custom_1718473488281{padding-top: 0px !important;}&#8221;][vc_single_image image=&#8221;12340&#8243; full_width=&#8221;&#8221; opacity=&#8221;100&#8243; max_width=&#8221;50%&#8221;][\/vc_column][vc_column width=&#8221;1\/2&#8243; shift_x=&#8221;0&#8243; shift_y=&#8221;0&#8243; z_index=&#8221;0&#8243; css=&#8221;.vc_custom_1718473313670{padding-bottom: 30px !important;}&#8221;][vc_column_text text_align_mobile=&#8221;center&#8221;]<\/p>\n<p style=\"text-align: center;\"><span style=\"color: #f06798; font-weight: bold; font-size: 110%;\">Contato<\/span><\/p>\n<div style=\"text-align: center;\">\n<div style=\"font-size: 120%;\"><a href=\"https:\/\/www.linkedin.com\/company\/amusicavive\/\" target=\"_blank\" rel=\"noopener\"><i class=\"fas fa-fa-brands fa-linkedin-in\"><\/i><\/a><\/div>\n<div style=\"font-size: 120%;\"><a href=\"https:\/\/open.spotify.com\/user\/jvuehrfiay1ssl1rbrp6g3meu?si=ad7082f25f8843ea\" target=\"_blank\" rel=\"noopener\"><i class=\"fas fa-fa-brands fa-spotify\"><\/i><\/a><\/div>\n<div style=\"font-size: 120%;\"><a href=\"https:\/\/www.instagram.com\/a.musica.vive\/\" target=\"_blank\" rel=\"noopener\"><i class=\"fas fa-fa-brands fa-instagram\"><\/i><\/a><\/div>\n<\/div>\n<div>\n<p style=\"text-align: center;\"><a href=\"mailto:atendimento@amusicavive.com\" target=\"_blank\" rel=\"noopener\">atendimento@amusicavive.com<\/a><br \/>\n+55 11 99984 9567<\/p>\n<p style=\"text-align: center;\">1091 Av Presidente Kennedy<br \/>\nPiracicaba, S\u00e3o Paulo<br \/>\n13417-050<\/p>\n<\/div>\n<p>[\/vc_column_text][vc_column_text text_align_mobile=&#8221;center&#8221;]<span style=\"color: #fdb940; font-weight: bold; font-size: 110%;\">Sobre n\u00f3s<\/span><\/p>\n<p><a href=\"https:\/\/amusicavive.com\/2024\/landing-page-artistas-amv\/\">Conhe\u00e7a nossos artistas<\/a><br \/>\n<a href=\"https:\/\/amusicavive.com\/contrate\" target=\"_blank\" rel=\"noopener\">Solicitar proposta<\/a><br \/>\n<a href=\"https:\/\/amusicavive.com\/2024\/quem-somos-amv\">Quem somos<\/a><br \/>\n<a href=\"https:\/\/amusicavive.com\/2024\/experiencias-musicais-amv\/\">Experi\u00eancias musicais<\/a><br \/>\n<a href=\"https:\/\/www.reserva.ink\/amusicavive\" target=\"_blank\" rel=\"noopener\">Loja<\/a><br \/>\n<a href=\"https:\/\/amusicavive.com\/agenda\" target=\"_blank\" rel=\"noopener\">Agenda<\/a>[\/vc_column_text][\/vc_column][\/vc_row]<\/p>\n<\/div>","protected":false},"excerpt":{"rendered":"<p>[vc_row content_width=&#8221;full&#8221; equal_height=&#8221;&#8221; shift_y=&#8221;0&#8243; z_index=&#8221;0&#8243; css=&#8221;.vc_custom_1718639417679{margin-top: 0px !important;margin-right: 0px !important;margin-bottom: 0px !important;margin-left: 0px !important;padding-top: 0px !important;padding-right: 0px !important;padding-bottom: 0px !important;padding-left: 0px !important;}&#8221;][vc_column content_type=&#8221;block-media&#8221; shift_x=&#8221;0&#8243; shift_y=&#8221;0&#8243; z_index=&#8221;0&#8243; css=&#8221;.vc_custom_1716251430684{margin: 0px !important;padding: 0px !important;border: 0px initial !important;}&#8221;][vc_single_image image=&#8221;13064&#8243; img_size=&#8221;full&#8221; full_width=&#8221;1&#8243; opacity=&#8221;100&#8243; animated_svg=&#8221;1&#8243; max_width=&#8221;100%&#8221; css=&#8221;.vc_custom_1720185571005{margin-right: 0px !important;margin-left: 0px !important;border-right-width: 0px !important;border-left-width: 0px !important;padding-right: 0px !important;padding-left: 0px !important;}&#8221;][\/vc_column][\/vc_row][vc_row equal_height=&#8221;&#8221; background_type=&#8221;image&#8221;&#8230;<\/p>\n<p><a rel=\"bookmark\" class=\"theme-button-text wvc-button wvc-button-size-xs\" href=\"https:\/\/amusicavive.com\/2024\/landing-page-artistas-abrakbca\/\"><small class=\"wvc-button-background-fill\"><\/small><span>Continue reading<\/span><\/a><\/p>\n","protected":false},"author":9,"featured_media":0,"parent":0,"menu_order":0,"comment_status":"closed","ping_status":"closed","template":"","meta":{"footnotes":""},"class_list":{"0":"post-13063","1":"page","2":"type-page","3":"status-publish","4":"hentry","5":"entry","6":"clearfix","7":"entry-grid","8":"entry-columns-default","9":"entry-page-module-layout-standard","10":"is-youtube","11":"has-video","12":"no-post-thumbnail","13":"entry-page","15":"entry-page-grid"},"_links":{"self":[{"href":"https:\/\/amusicavive.com\/2024\/wp-json\/wp\/v2\/pages\/13063"}],"collection":[{"href":"https:\/\/amusicavive.com\/2024\/wp-json\/wp\/v2\/pages"}],"about":[{"href":"https:\/\/amusicavive.com\/2024\/wp-json\/wp\/v2\/types\/page"}],"author":[{"embeddable":true,"href":"https:\/\/amusicavive.com\/2024\/wp-json\/wp\/v2\/users\/9"}],"replies":[{"embeddable":true,"href":"https:\/\/amusicavive.com\/2024\/wp-json\/wp\/v2\/comments?post=13063"}],"version-history":[{"count":10,"href":"https:\/\/amusicavive.com\/2024\/wp-json\/wp\/v2\/pages\/13063\/revisions"}],"predecessor-version":[{"id":13521,"href":"https:\/\/amusicavive.com\/2024\/wp-json\/wp\/v2\/pages\/13063\/revisions\/13521"}],"wp:attachment":[{"href":"https:\/\/amusicavive.com\/2024\/wp-json\/wp\/v2\/media?parent=13063"}],"curies":[{"name":"wp","href":"https:\/\/api.w.org\/{rel}","templated":true}]}}