{"id":13077,"date":"2024-07-05T20:35:27","date_gmt":"2024-07-05T23:35:27","guid":{"rendered":"https:\/\/amusicavive.com\/2024\/?page_id=13077"},"modified":"2025-02-18T11:42:23","modified_gmt":"2025-02-18T14:42:23","slug":"landing-page-artistas-maikao-cantagil","status":"publish","type":"page","link":"https:\/\/amusicavive.com\/2024\/landing-page-artistas-maikao-cantagil\/","title":{"rendered":"Artistas AMV &#8211; Maik\u00e3o Canta Gil"},"content":{"rendered":"<div class=\"wpb-content-wrapper\"><p>[vc_row content_width=&#8221;full&#8221; equal_height=&#8221;&#8221; shift_y=&#8221;0&#8243; z_index=&#8221;0&#8243; css=&#8221;.vc_custom_1718639417679{margin-top: 0px !important;margin-right: 0px !important;margin-bottom: 0px !important;margin-left: 0px !important;padding-top: 0px !important;padding-right: 0px !important;padding-bottom: 0px !important;padding-left: 0px !important;}&#8221;][vc_column content_type=&#8221;block-media&#8221; shift_x=&#8221;0&#8243; shift_y=&#8221;0&#8243; z_index=&#8221;0&#8243; css=&#8221;.vc_custom_1716251430684{margin: 0px !important;padding: 0px !important;border: 0px initial !important;}&#8221;][vc_single_image image=&#8221;13078&#8243; img_size=&#8221;full&#8221; full_width=&#8221;1&#8243; opacity=&#8221;100&#8243; animated_svg=&#8221;1&#8243; max_width=&#8221;100%&#8221; css=&#8221;.vc_custom_1720222777829{margin-right: 0px !important;margin-left: 0px !important;border-right-width: 0px !important;border-left-width: 0px !important;padding-right: 0px !important;padding-left: 0px !important;}&#8221;][\/vc_column][\/vc_row][vc_row equal_height=&#8221;&#8221; background_type=&#8221;image&#8221; background_color=&#8221;custom&#8221; background_img_lazyload=&#8221;1&#8243; shift_y=&#8221;0&#8243; z_index=&#8221;0&#8243; background_custom_color=&#8221;#292829&#8243;][vc_column content_placement=&#8221;middle&#8221; text_alignment=&#8221;center&#8221; shift_x=&#8221;0&#8243; shift_y=&#8221;0&#8243; z_index=&#8221;0&#8243;][vc_video link=&#8221;https:\/\/www.youtube.com\/watch?v=k7sGltfattE&#8221; inline_style=&#8221;align:center;&#8221;][\/vc_column][\/vc_row][vc_row content_width=&#8221;full&#8221; full_height=&#8221;yes&#8221; columns_placement=&#8221;stretch&#8221; equal_height=&#8221;&#8221; font_color=&#8221;light&#8221; background_type=&#8221;image&#8221; background_color=&#8221;custom&#8221; background_img_lazyload=&#8221;1&#8243; shift_y=&#8221;0&#8243; z_index=&#8221;0&#8243; css=&#8221;.vc_custom_1718640233290{margin-top: 0px !important;margin-right: 0px !important;margin-bottom: 0px !important;margin-left: 0px !important;}&#8221; background_custom_color=&#8221;#292829&#8243;][vc_column width=&#8221;1\/2&#8243; background_type=&#8221;image&#8221; background_color=&#8221;custom&#8221; background_img_lazyload=&#8221;1&#8243; shift_x=&#8221;0&#8243; shift_y=&#8221;0&#8243; z_index=&#8221;0&#8243; background_custom_color=&#8221;#292829&#8243;][vc_column_text css=&#8221;.vc_custom_1723225858111{padding-top: 30px !important;}&#8221;]<\/p>\n<h1 style=\"line-height: 36px; font-size: 42px; color: #fff !important;\">MAIK\u00c3O CANTA GIL<\/h1>\n<p><img loading=\"lazy\" decoding=\"async\" class=\"alignnone size-full wp-image-12893\" src=\"https:\/\/amusicavive.com\/2024\/wp-content\/uploads\/2024\/06\/funkcolegusta-site_AMV_0000s_0001_Buttom.png\" alt=\"\" width=\"123\" height=\"29\" \/>[\/vc_column_text][vc_column_text]<\/p>\n<p style=\"color: #fff;\">\u00c9 mais do que um show, \u00e9 uma festa musical que celebra o Brasil. Maik\u00e3o traz ao palco as m\u00fasicas ic\u00f4nicas de Gilberto Gil, incluindo &#8220;Toda Menina Baiana&#8221;, &#8220;Aquele Abra\u00e7o&#8221;, &#8220;Tempo Rei&#8221;, &#8220;Expresso 2222&#8221;, &#8220;Pela Internet&#8221;, &#8221; Andar com F\u00e9&#8221; e muitas outras. Esta \u00e9 uma celebra\u00e7\u00e3o contagiante onde as batidas e melodias ganham vida. Venha dan\u00e7ar, cantar e viver a m\u00fasica brasileira como nunca antes em um espet\u00e1culo que \u00e9 tamb\u00e9m uma festa incr\u00edvel! N\u00e3o perca esta festa \u00e9pica da m\u00fasica brasileira.<\/p>\n<p>[\/vc_column_text][\/vc_column][vc_column content_type=&#8221;block-media&#8221; width=&#8221;1\/2&#8243; background_type=&#8221;image&#8221; background_color=&#8221;custom&#8221; background_img_lazyload=&#8221;1&#8243; shift_x=&#8221;0&#8243; shift_y=&#8221;0&#8243; z_index=&#8221;0&#8243; background_custom_color=&#8221;#292829&#8243; max_width=&#8221;100%&#8221; css=&#8221;.vc_custom_1718642978660{margin-top: -40px !important;margin-right: 0px !important;margin-left: 0px !important;border-right-width: 0px !important;border-left-width: 0px !important;padding-right: 0px !important;padding-left: 0px !important;}&#8221;][vc_raw_html]JTNDaWZyYW1lJTIwc3R5bGUlM0QlMjJib3JkZXItcmFkaXVzJTNBMTJweCUyMiUyMHNyYyUzRCUyMmh0dHBzJTNBJTJGJTJGb3Blbi5zcG90aWZ5LmNvbSUyRmVtYmVkJTJGYXJ0aXN0JTJGMU50YUJEY0VUcXhpU3A0TWNYck9LMyUzRnV0bV9zb3VyY2UlM0RnZW5lcmF0b3IlMjZ0aGVtZSUzRDAlMjIlMjB3aWR0aCUzRCUyMjEwMCUyNSUyMiUyMGhlaWdodCUzRCUyMjM1MiUyMiUyMGZyYW1lQm9yZGVyJTNEJTIyMCUyMiUyMGFsbG93ZnVsbHNjcmVlbiUzRCUyMiUyMiUyMGFsbG93JTNEJTIyYXV0b3BsYXklM0IlMjBjbGlwYm9hcmQtd3JpdGUlM0IlMjBlbmNyeXB0ZWQtbWVkaWElM0IlMjBmdWxsc2NyZWVuJTNCJTIwcGljdHVyZS1pbi1waWN0dXJlJTIyJTIwbG9hZGluZyUzRCUyMiUyMiUzRSUzQyUyRmlmcmFtZSUzRQ==[\/vc_raw_html][vc_single_image image=&#8221;12894&#8243; img_size=&#8221;full&#8221; full_width=&#8221;1&#8243; opacity=&#8221;100&#8243; animated_svg=&#8221;1&#8243; max_width=&#8221;100%&#8221; css_animation=&#8221;slide-left&#8221; css_animation_delay=&#8221;600&#8243; css=&#8221;.vc_custom_1718639890260{margin-right: 0px !important;margin-bottom: 0px !important;margin-left: 0px !important;border-right-width: 0px !important;border-bottom-width: 0px !important;border-left-width: 0px !important;padding-right: 0px !important;padding-bottom: 0px !important;padding-left: 0px !important;}&#8221;][\/vc_column][\/vc_row][vc_row column_type=&#8221;block&#8221; font_color=&#8221;light&#8221; shift_y=&#8221;0&#8243; z_index=&#8221;0&#8243;][vc_column width=&#8221;1\/3&#8243; background_type=&#8221;image&#8221; background_color=&#8221;custom&#8221; background_img_lazyload=&#8221;1&#8243; shift_x=&#8221;0&#8243; shift_y=&#8221;0&#8243; z_index=&#8221;0&#8243; background_custom_color=&#8221;#65b170&#8243;][vc_column_text css=&#8221;.vc_custom_1720540535516{padding-top: 10px !important;}&#8221;]<\/p>\n<h1 style=\"line-height: 10px; font-size: 32px; color: #fff !important;\">LOCAL<\/h1>\n<h1 style=\"line-height: 10px; font-size: 32px; color: #000 !important;\">PIRACICABA<\/h1>\n<h1 style=\"line-height: 10px; font-size: 32px; color: #fff !important;\">ALTERNATIVO, ROCK<\/h1>\n<h1 style=\"line-height: 10px; font-size: 32px; color: #000 !important;\">M\u00cdDIAS<\/h1>\n<div style=\"margin-top: -20px;\">\n<div style=\"float: left; margin-right: 15px; font-size: 150%;\"><a href=\"https:\/\/www.instagram.com\/maikaosoueu\/\" target=\"_blank\" rel=\"noopener\"><i class=\"fas fa-fa-brands fa-instagram\"><\/i><\/a><\/div>\n<div style=\"float: left; margin-right: 15px; font-size: 150%;\"><a href=\"https:\/\/www.youtube.com\/c\/MAIK\u00c3Osoueu\" target=\"_blank\" rel=\"noopener\"><i class=\"fas fa-fa-brands fa-youtube\"><\/i><\/a><\/div>\n<div style=\"float: left; margin-right: 8px; font-size: 150%;\"><a href=\"https:\/\/open.spotify.com\/artist\/1NtaBDcETqxiSp4McXrOK3?si=BxZHwnw3QnyAgRcbwGexDw\" target=\"_blank\" rel=\"noopener\"><i class=\"fas fa-fa-brands fa-spotify\"><\/i><\/a><\/div>\n<\/div>\n<p>[\/vc_column_text][\/vc_column][vc_column width=&#8221;2\/3&#8243; background_type=&#8221;image&#8221; background_color=&#8221;custom&#8221; background_img_lazyload=&#8221;1&#8243; shift_x=&#8221;0&#8243; shift_y=&#8221;0&#8243; z_index=&#8221;0&#8243; background_custom_color=&#8221;#009ddb&#8221;][vc_column_text]<strong>MAIK\u00c3O<\/strong>, \u00e9 compositor, baterista, percussionista, ativista, pesquisador de manifesta\u00e7\u00f5es musicais afro-brasileiras e se dedica ao <strong>Baque Caipira<\/strong>, comunidade de maracatu que reinterpreta o ritmo nordestino com influ\u00eancias regionais. Sua trajet\u00f3ria inclui passagens pela <strong>Pirajazz Band<\/strong> e a <strong>banda Za\u00edra<\/strong>, que alcan\u00e7ou a semifinal do programa SuperStar. Maik\u00e3o tamb\u00e9m se apresentou no <strong>Lollapalooza<\/strong> com a <strong>Francisco, el hombre<\/strong> e colaborou com artistas como <strong>Otto<\/strong> e <strong>Andr\u00e9 Abujamra<\/strong>, lan\u00e7ando o impactante single <strong>&#8220;Invas\u00e3o&#8221;<\/strong>.<\/p>\n<p><span style=\"font-size: 18pt; color: #000!important;\"><strong>maikao.com.br<\/strong><\/span>[\/vc_column_text][\/vc_column][\/vc_row][vc_row content_width=&#8221;full&#8221; equal_height=&#8221;&#8221; shift_y=&#8221;0&#8243; z_index=&#8221;0&#8243;][vc_column content_type=&#8221;block-media&#8221; background_type=&#8221;transparent&#8221; shift_x=&#8221;0&#8243; shift_y=&#8221;0&#8243; z_index=&#8221;0&#8243; sticky=&#8221;true&#8221;][vc_button title=&#8221;SOLICITE A SUA PROPOSTA DE SHOW&#8221; color=&#8221;custom&#8221; size=&#8221;lg&#8221; i_type=&#8221;fontawesome&#8221; i_icon_fontawesome=&#8221;fas fa-volume-up&#8221; font_weight=&#8221;400&#8243; button_block=&#8221;true&#8221; add_icon=&#8221;true&#8221; link=&#8221;url:https%3A%2F%2Fone.systemonesoftware.com%2Fwebform.aspx%3Fkey%3D62fb0295512e4dd2a581262a06faccf5|target:_blank&#8221; custom_color=&#8221;#65b170&#8243; inline_style=&#8221;font-size: 150%;&#8221;][\/vc_column][\/vc_row][vc_row content_width=&#8221;full&#8221; equal_height=&#8221;&#8221; background_type=&#8221;image&#8221; background_color=&#8221;custom&#8221; background_img_lazyload=&#8221;1&#8243; shift_y=&#8221;0&#8243; z_index=&#8221;0&#8243; background_custom_color=&#8221;#292829&#8243;][vc_column]\n\t\t\t<!-- START Slider ART maikao REVOLUTION SLIDER 6.7.15 --><p class=\"rs-p-wp-fix\"><\/p>\n\t\t\t<rs-module-wrap id=\"rev_slider_31_1_wrapper\" data-source=\"gallery\" style=\"visibility:hidden;background:transparent;padding:0;margin:0px auto;margin-top:0;margin-bottom:0;\">\n\t\t\t\t<rs-module id=\"rev_slider_31_1\" style=\"\" data-version=\"6.7.15\">\n\t\t\t\t\t<rs-slides style=\"overflow: hidden; position: absolute;\">\n\t\t\t\t\t\t<rs-slide style=\"position: absolute;\" data-key=\"rs-56\" data-title=\"Slide\" data-anim=\"f:random;\" data-in=\"o:0;sx:1.1;sy:1.1;m:true;row:5;col:5;\" data-out=\"a:false;\">\n\t\t\t\t\t\t\t<img decoding=\"async\" src=\"\/\/amusicavive.com\/2024\/wp-content\/plugins\/revslider\/sr6\/assets\/assets\/dummy.png\" alt=\"\" title=\"maikao-site_AMV2-22-2\" width=\"1920\" height=\"2134\" class=\"rev-slidebg tp-rs-img rs-lazyload\" data-lazyload=\"\/\/amusicavive.com\/2024\/wp-content\/uploads\/2025\/02\/maikao-site_AMV2-22-2.jpg\" data-no-retina>\n<!--\n\t\t\t\t\t\t\t--><rs-layer\n\t\t\t\t\t\t\t\tid=\"slider-31-slide-56-layer-4\" \n\t\t\t\t\t\t\t\tdata-type=\"image\"\n\t\t\t\t\t\t\t\tdata-rsp_ch=\"on\"\n\t\t\t\t\t\t\t\tdata-xy=\"xo:113px,113px,109px,109px;y:t,t,b,b;yo:1369px,1369px,188px,188px;\"\n\t\t\t\t\t\t\t\tdata-text=\"w:normal;s:20,20,8,8;l:0,0,11,11;\"\n\t\t\t\t\t\t\t\tdata-dim=\"w:604px,604px,253px,253px;h:169px,169px,71px,71px;\"\n\t\t\t\t\t\t\t\tdata-vbility=\"t,t,f,t\"\n\t\t\t\t\t\t\t\tdata-frame_999=\"o:0;st:w;\"\n\t\t\t\t\t\t\t\tstyle=\"z-index:8;\"\n\t\t\t\t\t\t\t><img decoding=\"async\" src=\"\/\/amusicavive.com\/2024\/wp-content\/plugins\/revslider\/sr6\/assets\/assets\/dummy.png\" alt=\"\" class=\"tp-rs-img rs-lazyload\" width=\"604\" height=\"169\" data-lazyload=\"\/\/amusicavive.com\/2024\/wp-content\/uploads\/2024\/05\/experienciasmusicais.png\" data-no-retina> \n\t\t\t\t\t\t\t<\/rs-layer><!--\n\n\t\t\t\t\t\t\t--><rs-layer\n\t\t\t\t\t\t\t\tid=\"slider-31-slide-56-layer-6\" \n\t\t\t\t\t\t\t\tdata-type=\"text\"\n\t\t\t\t\t\t\t\tdata-color=\"#fff\"\n\t\t\t\t\t\t\t\tdata-xy=\"x:r,r,c,c;xo:122px,122px,0,122px;y:b;yo:119px,119px,-1px,-1px;\"\n\t\t\t\t\t\t\t\tdata-text=\"w:normal;s:22,22,16,16;l:28,28,22,22;a:left,left,center,center;\"\n\t\t\t\t\t\t\t\tdata-dim=\"w:571px,571px,349px,349px;h:auto,auto,132px,132px;minh:0px,0px,none,0px;\"\n\t\t\t\t\t\t\t\tdata-rsp_o=\"off\"\n\t\t\t\t\t\t\t\tdata-rsp_bd=\"off\"\n\t\t\t\t\t\t\t\tdata-frame_0=\"x:0,0,0px,0px;y:0,0,0px,0px;\"\n\t\t\t\t\t\t\t\tdata-frame_1=\"x:0,0,0px,0px;y:0,0,0px,0px;\"\n\t\t\t\t\t\t\t\tdata-frame_999=\"o:0;st:w;\"\n\t\t\t\t\t\t\t\tstyle=\"z-index:9;font-family:'Roboto';\"\n\t\t\t\t\t\t\t>Criamos experi\u00eancias memor\u00e1veis que envolvem o p\u00fablico e destacam a diversidade e o poder da m\u00fasica, promovendo assim conex\u00f5es significativas entre artistas e ouvintes.<br \/>\n \n\t\t\t\t\t\t\t<\/rs-layer><!--\n-->\t\t\t\t\t<\/rs-slide>\n\t\t\t\t\t<\/rs-slides>\n\t\t\t\t<\/rs-module>\n\t\t\t\t<script>\n\t\t\t\t\tsetREVStartSize({c: 'rev_slider_31_1',rl:[1240,1240,778,778],el:[1778,1778,960,960],gw:[1600,1600,736,736],gh:[1778,1778,960,960],type:'standard',justify:'',layout:'fullwidth',mh:\"0\"});if (window.RS_MODULES!==undefined && window.RS_MODULES.modules!==undefined && window.RS_MODULES.modules[\"revslider311\"]!==undefined) {window.RS_MODULES.modules[\"revslider311\"].once = false;window.revapi31 = undefined;if (window.RS_MODULES.checkMinimal!==undefined) window.RS_MODULES.checkMinimal()}\n\t\t\t\t<\/script>\n\t\t\t<\/rs-module-wrap>\n\t\t\t<!-- END REVOLUTION SLIDER -->\n[\/vc_column][\/vc_row][vc_row columns_placement=&#8221;middle&#8221; equal_height=&#8221;&#8221; hide_class=&#8221;wvc-hide-tablet&#8221; background_type=&#8221;image&#8221; background_color=&#8221;transparent&#8221; background_img=&#8221;12856&#8243; background_position=&#8221;center bottom&#8221; background_size=&#8221;contain&#8221; background_img_lazyload=&#8221;1&#8243; shift_y=&#8221;0&#8243; z_index=&#8221;0&#8243;][vc_column width=&#8221;1\/2&#8243; background_type=&#8221;image&#8221; background_position=&#8221;center bottom&#8221; background_img_lazyload=&#8221;1&#8243; shift_x=&#8221;0&#8243; shift_y=&#8221;0&#8243; z_index=&#8221;0&#8243; css=&#8221;.vc_custom_1718473488281{padding-top: 0px !important;}&#8221;][vc_single_image image=&#8221;12340&#8243; full_width=&#8221;&#8221; opacity=&#8221;100&#8243; max_width=&#8221;50%&#8221;][\/vc_column][vc_column width=&#8221;1\/4&#8243; shift_x=&#8221;0&#8243; shift_y=&#8221;0&#8243; z_index=&#8221;0&#8243; css=&#8221;.vc_custom_1718473313670{padding-bottom: 30px !important;}&#8221;][vc_column_text text_align_mobile=&#8221;center&#8221;]<span style=\"color: #f06798; font-weight: bold; font-size: 110%;\">Contato<\/span><\/p>\n<div>\n<div style=\"float: left; margin-right: 15px; font-size: 130%;\"><a href=\"https:\/\/www.linkedin.com\/company\/amusicavive\/\" target=\"_blank\" rel=\"noopener\"><i class=\"fas fa-fa-brands fa-linkedin-in\"><\/i><\/a><\/div>\n<div style=\"float: left; margin-right: 15px; font-size: 130%;\"><a href=\"https:\/\/open.spotify.com\/user\/jvuehrfiay1ssl1rbrp6g3meu?si=ad7082f25f8843ea\" target=\"_blank\" rel=\"noopener\"><i class=\"fas fa-fa-brands fa-spotify\"><\/i><\/a><\/div>\n<div style=\"float: left; margin-right: 8px; font-size: 130%;\"><a href=\"https:\/\/www.instagram.com\/a.musica.vive\/\" target=\"_blank\" rel=\"noopener\"><i class=\"fas fa-fa-brands fa-instagram\"><\/i><\/a><\/div>\n<\/div>\n<p>&nbsp;<\/p>\n<div style=\"float: left;\"><a href=\"mailto:atendimento@amusicavive.com\" target=\"_blank\" rel=\"noopener\">atendimento@amusicavive.com<\/a><br \/>\n+55 11 99984 9567<br \/>\n1091 Av Presidente Kennedy<br \/>\nPiracicaba, S\u00e3o Paulo<br \/>\n13417-050<\/div>\n<p>[\/vc_column_text][\/vc_column][vc_column width=&#8221;1\/4&#8243;][vc_column_text text_align_mobile=&#8221;center&#8221;]<span style=\"color: #fdb940; font-weight: bold; font-size: 110%;\">Sobre n\u00f3s<\/span><\/p>\n<p><a href=\"https:\/\/amusicavive.com\/2024\/landing-page-artistas-amv\/\">Conhe\u00e7a nossos artistas<\/a><br \/>\n<a href=\"https:\/\/amusicavive.com\/contrate\" target=\"_blank\" rel=\"noopener\">Solicitar proposta<\/a><br \/>\n<a href=\"https:\/\/amusicavive.com\/2024\/quem-somos-amv\">Quem somos<\/a><br \/>\n<a href=\"https:\/\/amusicavive.com\/2024\/experiencias-musicais-amv\/\">Experi\u00eancias musicais<\/a><br \/>\n<a href=\"https:\/\/www.reserva.ink\/amusicavive\" target=\"_blank\" rel=\"noopener\">Loja<\/a><br \/>\n<a href=\"https:\/\/amusicavive.com\/agenda\" target=\"_blank\" rel=\"noopener\">Agenda<\/a>[\/vc_column_text][\/vc_column][\/vc_row][vc_row columns_placement=&#8221;middle&#8221; equal_height=&#8221;&#8221; hide_class=&#8221;wvc-show-tablet&#8221; background_type=&#8221;image&#8221; background_color=&#8221;transparent&#8221; background_img=&#8221;12856&#8243; background_position=&#8221;center bottom&#8221; background_size=&#8221;contain&#8221; background_img_lazyload=&#8221;1&#8243; shift_y=&#8221;0&#8243; z_index=&#8221;0&#8243;][vc_column width=&#8221;1\/2&#8243; background_type=&#8221;image&#8221; background_position=&#8221;center bottom&#8221; background_img_lazyload=&#8221;1&#8243; shift_x=&#8221;0&#8243; shift_y=&#8221;0&#8243; z_index=&#8221;0&#8243; css=&#8221;.vc_custom_1718473488281{padding-top: 0px !important;}&#8221;][vc_single_image image=&#8221;12340&#8243; full_width=&#8221;&#8221; opacity=&#8221;100&#8243; max_width=&#8221;50%&#8221;][\/vc_column][vc_column width=&#8221;1\/2&#8243; shift_x=&#8221;0&#8243; shift_y=&#8221;0&#8243; z_index=&#8221;0&#8243; css=&#8221;.vc_custom_1718473313670{padding-bottom: 30px !important;}&#8221;][vc_column_text text_align_mobile=&#8221;center&#8221;]<\/p>\n<p style=\"text-align: center;\"><span style=\"color: #f06798; font-weight: bold; font-size: 110%;\">Contato<\/span><\/p>\n<div style=\"text-align: center;\">\n<div style=\"font-size: 120%;\"><a href=\"https:\/\/www.linkedin.com\/company\/amusicavive\/\" target=\"_blank\" rel=\"noopener\"><i class=\"fas fa-fa-brands fa-linkedin-in\"><\/i><\/a><\/div>\n<div style=\"font-size: 120%;\"><a href=\"https:\/\/open.spotify.com\/user\/jvuehrfiay1ssl1rbrp6g3meu?si=ad7082f25f8843ea\" target=\"_blank\" rel=\"noopener\"><i class=\"fas fa-fa-brands fa-spotify\"><\/i><\/a><\/div>\n<div style=\"font-size: 120%;\"><a href=\"https:\/\/www.instagram.com\/a.musica.vive\/\" target=\"_blank\" rel=\"noopener\"><i class=\"fas fa-fa-brands fa-instagram\"><\/i><\/a><\/div>\n<\/div>\n<div>\n<p style=\"text-align: center;\"><a href=\"mailto:atendimento@amusicavive.com\" target=\"_blank\" rel=\"noopener\">atendimento@amusicavive.com<\/a><br \/>\n+55 11 99984 9567<\/p>\n<p style=\"text-align: center;\">1091 Av Presidente Kennedy<br \/>\nPiracicaba, S\u00e3o Paulo<br \/>\n13417-050<\/p>\n<\/div>\n<p>[\/vc_column_text][vc_column_text text_align_mobile=&#8221;center&#8221;]<span style=\"color: #fdb940; font-weight: bold; font-size: 110%;\">Sobre n\u00f3s<\/span><\/p>\n<p><a href=\"https:\/\/amusicavive.com\/2024\/landing-page-artistas-amv\/\">Conhe\u00e7a nossos artistas<\/a><br \/>\n<a href=\"https:\/\/amusicavive.com\/contrate\" target=\"_blank\" rel=\"noopener\">Solicitar proposta<\/a><br \/>\n<a href=\"https:\/\/amusicavive.com\/2024\/quem-somos-amv\">Quem somos<\/a><br \/>\n<a href=\"https:\/\/amusicavive.com\/2024\/experiencias-musicais-amv\/\">Experi\u00eancias musicais<\/a><br \/>\n<a href=\"https:\/\/www.reserva.ink\/amusicavive\" target=\"_blank\" rel=\"noopener\">Loja<\/a><br \/>\n<a href=\"https:\/\/amusicavive.com\/agenda\" target=\"_blank\" rel=\"noopener\">Agenda<\/a>[\/vc_column_text][\/vc_column][\/vc_row]<\/p>\n<\/div>","protected":false},"excerpt":{"rendered":"<p>[vc_row content_width=&#8221;full&#8221; equal_height=&#8221;&#8221; shift_y=&#8221;0&#8243; z_index=&#8221;0&#8243; css=&#8221;.vc_custom_1718639417679{margin-top: 0px !important;margin-right: 0px !important;margin-bottom: 0px !important;margin-left: 0px !important;padding-top: 0px !important;padding-right: 0px !important;padding-bottom: 0px !important;padding-left: 0px !important;}&#8221;][vc_column content_type=&#8221;block-media&#8221; shift_x=&#8221;0&#8243; shift_y=&#8221;0&#8243; z_index=&#8221;0&#8243; css=&#8221;.vc_custom_1716251430684{margin: 0px !important;padding: 0px !important;border: 0px initial !important;}&#8221;][vc_single_image image=&#8221;13078&#8243; img_size=&#8221;full&#8221; full_width=&#8221;1&#8243; opacity=&#8221;100&#8243; animated_svg=&#8221;1&#8243; max_width=&#8221;100%&#8221; css=&#8221;.vc_custom_1720222777829{margin-right: 0px !important;margin-left: 0px !important;border-right-width: 0px !important;border-left-width: 0px !important;padding-right: 0px !important;padding-left: 0px !important;}&#8221;][\/vc_column][\/vc_row][vc_row equal_height=&#8221;&#8221; background_type=&#8221;image&#8221;&#8230;<\/p>\n<p><a rel=\"bookmark\" class=\"theme-button-text wvc-button wvc-button-size-xs\" href=\"https:\/\/amusicavive.com\/2024\/landing-page-artistas-maikao-cantagil\/\"><small class=\"wvc-button-background-fill\"><\/small><span>Continue reading<\/span><\/a><\/p>\n","protected":false},"author":9,"featured_media":0,"parent":0,"menu_order":0,"comment_status":"closed","ping_status":"closed","template":"","meta":{"footnotes":""},"class_list":{"0":"post-13077","1":"page","2":"type-page","3":"status-publish","4":"hentry","5":"entry","6":"clearfix","7":"entry-grid","8":"entry-columns-default","9":"entry-page-module-layout-standard","10":"is-youtube","11":"has-video","12":"no-post-thumbnail","13":"entry-page","15":"entry-page-grid"},"_links":{"self":[{"href":"https:\/\/amusicavive.com\/2024\/wp-json\/wp\/v2\/pages\/13077"}],"collection":[{"href":"https:\/\/amusicavive.com\/2024\/wp-json\/wp\/v2\/pages"}],"about":[{"href":"https:\/\/amusicavive.com\/2024\/wp-json\/wp\/v2\/types\/page"}],"author":[{"embeddable":true,"href":"https:\/\/amusicavive.com\/2024\/wp-json\/wp\/v2\/users\/9"}],"replies":[{"embeddable":true,"href":"https:\/\/amusicavive.com\/2024\/wp-json\/wp\/v2\/comments?post=13077"}],"version-history":[{"count":12,"href":"https:\/\/amusicavive.com\/2024\/wp-json\/wp\/v2\/pages\/13077\/revisions"}],"predecessor-version":[{"id":13445,"href":"https:\/\/amusicavive.com\/2024\/wp-json\/wp\/v2\/pages\/13077\/revisions\/13445"}],"wp:attachment":[{"href":"https:\/\/amusicavive.com\/2024\/wp-json\/wp\/v2\/media?parent=13077"}],"curies":[{"name":"wp","href":"https:\/\/api.w.org\/{rel}","templated":true}]}}