{"id":13537,"date":"2026-04-15T17:21:18","date_gmt":"2026-04-15T20:21:18","guid":{"rendered":"https:\/\/amusicavive.com\/2024\/?page_id=13537"},"modified":"2026-04-17T14:43:23","modified_gmt":"2026-04-17T17:43:23","slug":"artistas-amv-amanda-magalhaes","status":"publish","type":"page","link":"https:\/\/amusicavive.com\/2024\/artistas-amv-amanda-magalhaes\/","title":{"rendered":"Artistas AMV &#8211; Amanda Magalh\u00e3es"},"content":{"rendered":"<div class=\"wpb-content-wrapper\"><p>[vc_row content_width=&#8221;full&#8221; equal_height=&#8221;&#8221; shift_y=&#8221;0&#8243; z_index=&#8221;0&#8243; css=&#8221;.vc_custom_1718639417679{margin-top: 0px !important;margin-right: 0px !important;margin-bottom: 0px !important;margin-left: 0px !important;padding-top: 0px !important;padding-right: 0px !important;padding-bottom: 0px !important;padding-left: 0px !important;}&#8221;][vc_column content_type=&#8221;block-media&#8221; shift_x=&#8221;0&#8243; shift_y=&#8221;0&#8243; z_index=&#8221;0&#8243; css=&#8221;.vc_custom_1716251430684{margin: 0px !important;padding: 0px !important;border: 0px initial !important;}&#8221;][vc_single_image image=&#8221;13539&#8243; img_size=&#8221;full&#8221; full_width=&#8221;1&#8243; opacity=&#8221;100&#8243; animated_svg=&#8221;1&#8243; max_width=&#8221;100%&#8221; css=&#8221;.vc_custom_1776284250240{margin-right: 0px !important;margin-left: 0px !important;border-right-width: 0px !important;border-left-width: 0px !important;padding-right: 0px !important;padding-left: 0px !important;}&#8221;][\/vc_column][\/vc_row][vc_row equal_height=&#8221;&#8221; background_type=&#8221;image&#8221; background_color=&#8221;custom&#8221; background_img_lazyload=&#8221;1&#8243; shift_y=&#8221;0&#8243; z_index=&#8221;0&#8243; background_custom_color=&#8221;#292829&#8243;][vc_column content_placement=&#8221;middle&#8221; text_alignment=&#8221;center&#8221; shift_x=&#8221;0&#8243; shift_y=&#8221;0&#8243; z_index=&#8221;0&#8243;][vc_video link=&#8221;https:\/\/www.youtube.com\/watch?v=DEju1ye8Lfg&#8221; inline_style=&#8221;align:center;&#8221;][\/vc_column][\/vc_row][vc_row content_width=&#8221;full&#8221; full_height=&#8221;yes&#8221; columns_placement=&#8221;stretch&#8221; equal_height=&#8221;&#8221; font_color=&#8221;light&#8221; background_type=&#8221;image&#8221; background_color=&#8221;custom&#8221; background_img_lazyload=&#8221;1&#8243; shift_y=&#8221;0&#8243; z_index=&#8221;0&#8243; css=&#8221;.vc_custom_1718640233290{margin-top: 0px !important;margin-right: 0px !important;margin-bottom: 0px !important;margin-left: 0px !important;}&#8221; background_custom_color=&#8221;#292829&#8243;][vc_column width=&#8221;1\/2&#8243; background_type=&#8221;image&#8221; background_color=&#8221;custom&#8221; background_img_lazyload=&#8221;1&#8243; shift_x=&#8221;0&#8243; shift_y=&#8221;0&#8243; z_index=&#8221;0&#8243; background_custom_color=&#8221;#292829&#8243;][vc_column_text css=&#8221;.vc_custom_1776284589052{padding-top: 30px !important;}&#8221;]<\/p>\n<h1 style=\"line-height: 36px; font-size: 42px; color: #fdb940 !important;\">ERA UMA VEZ <span style=\"color: #fff !important;\">O AMANH\u00c3<\/span><\/h1>\n<p><img loading=\"lazy\" decoding=\"async\" class=\"alignnone size-full wp-image-12893\" src=\"https:\/\/amusicavive.com\/2024\/wp-content\/uploads\/2024\/06\/funkcolegusta-site_AMV_0000s_0001_Buttom.png\" alt=\"\" width=\"123\" height=\"29\" \/>[\/vc_column_text][vc_column_text]<\/p>\n<p style=\"color: #fff;\">Inspirada na obra de Ailton Krenak, Amanda Magalh\u00e3es apresenta seu novo projeto: um \u00e1lbum de hist\u00f3rias cantadas sobre um mundo em transforma\u00e7\u00e3o. Entre o humor e a provoca\u00e7\u00e3o, o show estreia em agosto trazendo novas texturas musicais, cr\u00f4nicas urbanas e o balan\u00e7o que \u00e9 marca registrada da artista.<\/p>\n<p style=\"color: #fff;\">\u00c9 o show ideal para curadorias que buscam relev\u00e2ncia tem\u00e1tica e frescor art\u00edstico. Uma performance que \u00e9, ao mesmo tempo, reflex\u00e3o e celebra\u00e7\u00e3o.<\/p>\n<p style=\"color: #fff;\">A nova turn\u00ea, com in\u00edcio programado para agosto de 2026, preserva a flexibilidade t\u00e9cnica que marca a carreira da artista.<\/p>\n<p><span style=\"color: #f06798; font-weight: bold; font-size: 110%;\">Mar\u00e9 de Cheiro:<\/span><br \/>\n<span style=\"color: #fff;\">O \u00e1lbum que fundiu o Neo-Soul ao pagod\u00e3o baiano em uma experi\u00eancia solar e vibrante.<\/span><\/p>\n<p><span style=\"color: #f06798; font-weight: bold; font-size: 110%;\">Reconhecimento:<\/span><br \/>\n<span style=\"color: #fff;\">Protagonista na s\u00e9rie 3% (Netflix) e voz presente na trilha sonora de Mania de Voc\u00ea (TV Globo).<\/span><\/p>\n<p><span style=\"color: #f06798; font-weight: bold; font-size: 110%;\">Palcos internacionais:<\/span><br \/>\n<span style=\"color: #fff;\">Da consagra\u00e7\u00e3o em Los Angeles \u00e0 performance ic\u00f4nica no Moulin Rouge, em Paris.<\/span><\/p>\n<p>Antes de desenhar o amanh\u00e3, Amanda consolidou seu espa\u00e7o como uma das vozes mais potentes da nova m\u00fasica brasileira.<\/p>\n<p>[\/vc_column_text][vc_single_image image=&#8221;13547&#8243; img_size=&#8221;full&#8221; full_width=&#8221;1&#8243; opacity=&#8221;100&#8243;][vc_raw_html css=&#8221;&#8221;]JTNDZGl2JTIwY2xhc3MlM0QlMjJpbWFnZW5zJTIyJTNFJTBBJTNDYSUyMGhyZWYlM0QlMjJodHRwcyUzQSUyRiUyRmFtdXNpY2F2aXZlLmNvbSUyRjIwMjQlMkZjb250cmF0ZSUyRiUyMiUyMHRhcmdldCUzRCUyMl9ibGFuayUyMiUzRSUwQSUzQ2ltZyUyMHNyYyUzRCUyMmh0dHBzJTNBJTJGJTJGYW11c2ljYXZpdmUuY29tJTJGMjAyNCUyRndwLWNvbnRlbnQlMkZ1cGxvYWRzJTJGMjAyNiUyRjA0JTJGYW1hbmRhMDFzaXRlX0FNVl8wMDAxX0JvdGFvLVNob3cucG5nMl8ucG5nJTIyJTIwYWx0JTNEJUUyJTgwJTlDYWdlbmRlJTIwdW0lMjBzaG93JUUyJTgwJTlEJTNFJTBBJTNDJTJGYSUzRSUwQSUzQ2ElMjBocmVmJTNEJTIyaHR0cHMlM0ElMkYlMkZkcml2ZS5nb29nbGUuY29tJTJGZHJpdmUlMkZmb2xkZXJzJTJGMVVMYmFBSUMxQTdVSnlGVHp4dlZhR1VJZVAteDU4R29kJTNGdXNwJTNEZHJpdmVfbGluayUyMiUyMHRhcmdldCUzRCUyMl9ibGFuayUyMiUzRSUwQSUzQ2ltZyUyMHNyYyUzRCUyMmh0dHBzJTNBJTJGJTJGYW11c2ljYXZpdmUuY29tJTJGMjAyNCUyRndwLWNvbnRlbnQlMkZ1cGxvYWRzJTJGMjAyNiUyRjA0JTJGYW1hbmRhMDFzaXRlX0FNVl8wMDAyX0JvdGFvLVByZXNza2l0MjMucG5nJTIyJTIwYWx0JTNEJUUyJTgwJTlDcHJlc3NraXQlRTIlODAlOUQlM0UlMEElM0MlMkZhJTNFJTBBJTNDJTJGZGl2JTNFJTBBJTBBJTNDc3R5bGUlM0UlMEEuaW1hZ2VucyUyMCU3QiUwQWRpc3BsYXklM0ElMjBmbGV4JTNCJTBBZ2FwJTNBJTIwMTBweCUzQiUwQSU3RCUwQSUwQS5pbWFnZW5zJTIwaW1nJTIwJTdCJTBBZmxleCUzQSUyMDElM0IlMEFtYXgtd2lkdGglM0ElMjAxMDAlMjUlM0IlMEFoZWlnaHQlM0ElMjBhdXRvJTNCJTBBJTdEJTBBJTNDJTJGc3R5bGUlM0U=[\/vc_raw_html][\/vc_column][vc_column content_type=&#8221;block-media&#8221; width=&#8221;1\/2&#8243; background_type=&#8221;image&#8221; background_color=&#8221;custom&#8221; background_img_lazyload=&#8221;1&#8243; shift_x=&#8221;0&#8243; shift_y=&#8221;0&#8243; z_index=&#8221;0&#8243; background_custom_color=&#8221;#292829&#8243; max_width=&#8221;100%&#8221; css=&#8221;.vc_custom_1718642978660{margin-top: -40px !important;margin-right: 0px !important;margin-left: 0px !important;border-right-width: 0px !important;border-left-width: 0px !important;padding-right: 0px !important;padding-left: 0px !important;}&#8221;][vc_raw_html css=&#8221;&#8221;]JTNDaWZyYW1lJTIwZGF0YS10ZXN0aWQlM0QlMjJlbWJlZC1pZnJhbWUlMjIlMjBzdHlsZSUzRCUyMmJvcmRlci1yYWRpdXMlM0ExMnB4JTIyJTIwc3JjJTNEJTIyaHR0cHMlM0ElMkYlMkZvcGVuLnNwb3RpZnkuY29tJTJGZW1iZWQlMkZhcnRpc3QlMkY1d1F3aHhrRlhWM0ZWUWNLOEpjMHNPJTNGdXRtX3NvdXJjZSUzRGdlbmVyYXRvciUyNnRoZW1lJTNEMCUyMiUyMHdpZHRoJTNEJTIyMTAwJTI1JTIyJTIwaGVpZ2h0JTNEJTIyMzUyJTIyJTIwZnJhbWVCb3JkZXIlM0QlMjIwJTIyJTIwYWxsb3dmdWxsc2NyZWVuJTNEJTIyJTIyJTIwYWxsb3clM0QlMjJhdXRvcGxheSUzQiUyMGNsaXBib2FyZC13cml0ZSUzQiUyMGVuY3J5cHRlZC1tZWRpYSUzQiUyMGZ1bGxzY3JlZW4lM0IlMjBwaWN0dXJlLWluLXBpY3R1cmUlMjIlMjBsb2FkaW5nJTNEJTIybGF6eSUyMiUzRSUzQyUyRmlmcmFtZSUzRQ==[\/vc_raw_html][vc_single_image image=&#8221;12894&#8243; img_size=&#8221;full&#8221; full_width=&#8221;1&#8243; opacity=&#8221;100&#8243; animated_svg=&#8221;1&#8243; max_width=&#8221;100%&#8221; css_animation=&#8221;slide-left&#8221; css_animation_delay=&#8221;600&#8243; css=&#8221;.vc_custom_1718639890260{margin-right: 0px !important;margin-bottom: 0px !important;margin-left: 0px !important;border-right-width: 0px !important;border-bottom-width: 0px !important;border-left-width: 0px !important;padding-right: 0px !important;padding-bottom: 0px !important;padding-left: 0px !important;}&#8221;][\/vc_column][\/vc_row][vc_row column_type=&#8221;block&#8221; font_color=&#8221;light&#8221; shift_y=&#8221;0&#8243; z_index=&#8221;0&#8243;][vc_column width=&#8221;1\/3&#8243; background_type=&#8221;image&#8221; background_color=&#8221;custom&#8221; background_img_lazyload=&#8221;1&#8243; shift_x=&#8221;0&#8243; shift_y=&#8221;0&#8243; z_index=&#8221;0&#8243; background_custom_color=&#8221;#65b170&#8243;][vc_column_text css=&#8221;.vc_custom_1776447799868{padding-top: 10px !important;}&#8221;]<\/p>\n<h1 style=\"line-height: 10px; font-size: 32px; color: #000 !important;\">LOCAL<\/h1>\n<h1 style=\"line-height: 10px; font-size: 32px; color: #fff !important;\">RIO DE JANEIRO<\/h1>\n<h1 style=\"line-height: 10px; font-size: 32px; color: #000 !important;\">G\u00caNERO<\/h1>\n<h1 style=\"line-height: 10px; font-size: 32px; color: #fff !important;\">MPB<\/h1>\n<h1 style=\"line-height: 10px; font-size: 32px; color: #000 !important;\">M\u00cdDIAS<\/h1>\n<div style=\"margin-top: -20px;\">\n<div style=\"float: left; margin-right: 15px; font-size: 150%;\"><a href=\"https:\/\/www.instagram.com\/amandzmagalhaes\/\" target=\"_blank\" rel=\"noopener\"><i class=\"fas fa-fa-brands fa-instagram\"><\/i><\/a><\/div>\n<div style=\"float: left; margin-right: 15px; font-size: 150%;\"><a href=\"https:\/\/www.youtube.com\/@AmandaMagalh\u00e3es\" target=\"_blank\" rel=\"noopener\"><i class=\"fas fa-fa-brands fa-youtube\"><\/i><\/a><\/div>\n<div style=\"float: left; margin-right: 8px; font-size: 150%;\"><a href=\"https:\/\/open.spotify.com\/artist\/5wQwhxkFXV3FVQcK8Jc0sO?go=1&amp;sp_cid=a7dfc8a9df2015bae219902a6321246b&amp;utm_source=embed_player_p&amp;utm_medium=desktop\" target=\"_blank\" rel=\"noopener\"><i class=\"fas fa-fa-brands fa-spotify\"><\/i><\/a><\/div>\n<\/div>\n<p>[\/vc_column_text][\/vc_column][vc_column width=&#8221;2\/3&#8243; background_type=&#8221;image&#8221; background_color=&#8221;custom&#8221; background_img_lazyload=&#8221;1&#8243; shift_x=&#8221;0&#8243; shift_y=&#8221;0&#8243; z_index=&#8221;0&#8243; background_custom_color=&#8221;#009ddb&#8221;][vc_column_text]Multiartista e herdeira da linhagem Banda Black Rio. Uma fus\u00e3o magn\u00e9tica de MPB, Soul e ritmos tropicais que conquistou palcos do Moulin Rouge \u00e0 Rede Globo, agora inicia um novo cap\u00edtulo com o \u00e1lbum &#8220;Era uma vez o amanh\u00e3&#8221;, unindo cr\u00f4nicas urbanas ao balan\u00e7o inconfund\u00edvel de sua trajet\u00f3ria.<\/p>\n<p><a href=\"https:\/\/amandamagalhaes.art.br\"><span style=\"font-size: 18pt;\">amandamagalhaes.art.br<\/span><\/a>[\/vc_column_text][\/vc_column][\/vc_row][vc_row content_width=&#8221;full&#8221; equal_height=&#8221;&#8221; shift_y=&#8221;0&#8243; z_index=&#8221;0&#8243;][vc_column content_type=&#8221;block-media&#8221; background_type=&#8221;transparent&#8221; shift_x=&#8221;0&#8243; shift_y=&#8221;0&#8243; z_index=&#8221;0&#8243; sticky=&#8221;true&#8221;][vc_button title=&#8221;SOLICITE A SUA PROPOSTA DE SHOW&#8221; color=&#8221;custom&#8221; size=&#8221;lg&#8221; i_type=&#8221;fontawesome&#8221; i_icon_fontawesome=&#8221;fas fa-volume-up&#8221; font_weight=&#8221;400&#8243; button_block=&#8221;true&#8221; add_icon=&#8221;true&#8221; link=&#8221;url:https%3A%2F%2Famusicavive.com%2Fcontrate%2F|target:_blank&#8221; custom_color=&#8221;#65b170&#8243; inline_style=&#8221;font-size: 150%;&#8221;][\/vc_column][\/vc_row][vc_row content_width=&#8221;full&#8221; equal_height=&#8221;&#8221; shift_y=&#8221;0&#8243; z_index=&#8221;0&#8243;][vc_column content_type=&#8221;block-media&#8221; background_type=&#8221;transparent&#8221; shift_x=&#8221;0&#8243; shift_y=&#8221;0&#8243; z_index=&#8221;0&#8243; sticky=&#8221;true&#8221;][vc_single_image image=&#8221;13570&#8243; img_size=&#8221;full&#8221; full_width=&#8221;1&#8243; opacity=&#8221;100&#8243;][\/vc_column][\/vc_row][vc_row columns_placement=&#8221;middle&#8221; equal_height=&#8221;&#8221; hide_class=&#8221;wvc-hide-tablet&#8221; background_type=&#8221;image&#8221; background_color=&#8221;transparent&#8221; background_img=&#8221;12856&#8243; background_position=&#8221;center bottom&#8221; background_size=&#8221;contain&#8221; background_img_lazyload=&#8221;1&#8243; shift_y=&#8221;0&#8243; z_index=&#8221;0&#8243;][vc_column width=&#8221;1\/2&#8243; background_type=&#8221;image&#8221; background_position=&#8221;center bottom&#8221; background_img_lazyload=&#8221;1&#8243; shift_x=&#8221;0&#8243; shift_y=&#8221;0&#8243; z_index=&#8221;0&#8243; css=&#8221;.vc_custom_1718473488281{padding-top: 0px !important;}&#8221;][vc_single_image image=&#8221;12340&#8243; full_width=&#8221;&#8221; opacity=&#8221;100&#8243; max_width=&#8221;50%&#8221;][\/vc_column][vc_column width=&#8221;1\/4&#8243; shift_x=&#8221;0&#8243; shift_y=&#8221;0&#8243; z_index=&#8221;0&#8243; css=&#8221;.vc_custom_1718473313670{padding-bottom: 30px !important;}&#8221;][vc_column_text text_align_mobile=&#8221;center&#8221;]<span style=\"color: #f06798; font-weight: bold; font-size: 110%;\">Contato<\/span><\/p>\n<div>\n<div style=\"float: left; margin-right: 15px; font-size: 130%;\"><a href=\"https:\/\/www.linkedin.com\/company\/amusicavive\/\" target=\"_blank\" rel=\"noopener\"><i class=\"fas fa-fa-brands fa-linkedin-in\"><\/i><\/a><\/div>\n<div style=\"float: left; margin-right: 15px; font-size: 130%;\"><a href=\"https:\/\/open.spotify.com\/user\/jvuehrfiay1ssl1rbrp6g3meu?si=ad7082f25f8843ea\" target=\"_blank\" rel=\"noopener\"><i class=\"fas fa-fa-brands fa-spotify\"><\/i><\/a><\/div>\n<div style=\"float: left; margin-right: 8px; font-size: 130%;\"><a href=\"https:\/\/www.instagram.com\/a.musica.vive\/\" target=\"_blank\" rel=\"noopener\"><i class=\"fas fa-fa-brands fa-instagram\"><\/i><\/a><\/div>\n<\/div>\n<p>&nbsp;<\/p>\n<div style=\"float: left;\"><a href=\"mailto:atendimento@amusicavive.com\" target=\"_blank\" rel=\"noopener\">atendimento@amusicavive.com<\/a><br \/>\n+55 11 99984 9567<br \/>\n1091 Av Presidente Kennedy<br \/>\nPiracicaba, S\u00e3o Paulo<br \/>\n13417-050<\/div>\n<p>[\/vc_column_text][\/vc_column][vc_column width=&#8221;1\/4&#8243;][vc_column_text text_align_mobile=&#8221;center&#8221;]<br \/>\n<span style=\"color: #fdb940; font-weight: bold; font-size: 110%;\">Sobre n\u00f3s<\/span><\/p>\n<p><a href=\"https:\/\/amusicavive.com\/2024\/landing-page-artistas-amv\/\">Conhe\u00e7a nossos artistas<\/a><br \/>\n<a href=\"https:\/\/amusicavive.com\/contrate\" target=\"_blank\" rel=\"noopener\">Solicitar proposta<\/a><br \/>\n<a href=\"https:\/\/amusicavive.com\/2024\/quem-somos-amv\">Quem somos<\/a><br \/>\n<a href=\"https:\/\/amusicavive.com\/2024\/experiencias-musicais-amv\/\">Experi\u00eancias musicais<\/a><br \/>\n<a href=\"https:\/\/www.reserva.ink\/amusicavive\" target=\"_blank\" rel=\"noopener\">Loja<\/a><br \/>\n<a href=\"https:\/\/amusicavive.com\/agenda\" target=\"_blank\" rel=\"noopener\">Agenda<\/a>[\/vc_column_text][\/vc_column][\/vc_row][vc_row columns_placement=&#8221;middle&#8221; equal_height=&#8221;&#8221; hide_class=&#8221;wvc-show-tablet&#8221; background_type=&#8221;image&#8221; background_color=&#8221;transparent&#8221; background_img=&#8221;12856&#8243; background_position=&#8221;center bottom&#8221; background_size=&#8221;contain&#8221; background_img_lazyload=&#8221;1&#8243; shift_y=&#8221;0&#8243; z_index=&#8221;0&#8243;][vc_column width=&#8221;1\/2&#8243; background_type=&#8221;image&#8221; background_position=&#8221;center bottom&#8221; background_img_lazyload=&#8221;1&#8243; shift_x=&#8221;0&#8243; shift_y=&#8221;0&#8243; z_index=&#8221;0&#8243; css=&#8221;.vc_custom_1718473488281{padding-top: 0px !important;}&#8221;][vc_single_image image=&#8221;12340&#8243; full_width=&#8221;&#8221; opacity=&#8221;100&#8243; max_width=&#8221;50%&#8221;][\/vc_column][vc_column width=&#8221;1\/2&#8243; shift_x=&#8221;0&#8243; shift_y=&#8221;0&#8243; z_index=&#8221;0&#8243; css=&#8221;.vc_custom_1718473313670{padding-bottom: 30px !important;}&#8221;][vc_column_text text_align_mobile=&#8221;center&#8221;]<\/p>\n<p style=\"text-align: center;\"><span style=\"color: #f06798; font-weight: bold; font-size: 110%;\">Contato<\/span><\/p>\n<div style=\"text-align: center;\">\n<div style=\"font-size: 120%;\"><a href=\"https:\/\/www.linkedin.com\/company\/amusicavive\/\" target=\"_blank\" rel=\"noopener\"><i class=\"fas fa-fa-brands fa-linkedin-in\"><\/i><\/a><\/div>\n<div style=\"font-size: 120%;\"><a href=\"https:\/\/open.spotify.com\/user\/jvuehrfiay1ssl1rbrp6g3meu?si=ad7082f25f8843ea\" target=\"_blank\" rel=\"noopener\"><i class=\"fas fa-fa-brands fa-spotify\"><\/i><\/a><\/div>\n<div style=\"font-size: 120%;\"><a href=\"https:\/\/www.instagram.com\/a.musica.vive\/\" target=\"_blank\" rel=\"noopener\"><i class=\"fas fa-fa-brands fa-instagram\"><\/i><\/a><\/div>\n<\/div>\n<div>\n<p style=\"text-align: center;\"><a href=\"mailto:atendimento@amusicavive.com\" target=\"_blank\" rel=\"noopener\">atendimento@amusicavive.com<\/a><br \/>\n+55 11 99984 9567<\/p>\n<p style=\"text-align: center;\">1091 Av Presidente Kennedy<br \/>\nPiracicaba, S\u00e3o Paulo<br \/>\n13417-050<\/p>\n<\/div>\n<p>[\/vc_column_text][vc_column_text text_align_mobile=&#8221;center&#8221;]<br \/>\n<span style=\"color: #fdb940; font-weight: bold; font-size: 110%;\">Sobre n\u00f3s<\/span><\/p>\n<p><a href=\"https:\/\/amusicavive.com\/2024\/landing-page-artistas-amv\/\">Conhe\u00e7a nossos artistas<\/a><br \/>\n<a href=\"https:\/\/amusicavive.com\/contrate\" target=\"_blank\" rel=\"noopener\">Solicitar proposta<\/a><br \/>\n<a href=\"https:\/\/amusicavive.com\/2024\/quem-somos-amv\">Quem somos<\/a><br \/>\n<a href=\"https:\/\/amusicavive.com\/2024\/experiencias-musicais-amv\/\">Experi\u00eancias musicais<\/a><br \/>\n<a href=\"https:\/\/www.reserva.ink\/amusicavive\" target=\"_blank\" rel=\"noopener\">Loja<\/a><br \/>\n<a href=\"https:\/\/amusicavive.com\/agenda\" target=\"_blank\" rel=\"noopener\">Agenda<\/a>[\/vc_column_text][\/vc_column][\/vc_row]<\/p>\n<\/div>","protected":false},"excerpt":{"rendered":"<p>[vc_row content_width=&#8221;full&#8221; equal_height=&#8221;&#8221; shift_y=&#8221;0&#8243; z_index=&#8221;0&#8243; css=&#8221;.vc_custom_1718639417679{margin-top: 0px !important;margin-right: 0px !important;margin-bottom: 0px !important;margin-left: 0px !important;padding-top: 0px !important;padding-right: 0px !important;padding-bottom: 0px !important;padding-left: 0px !important;}&#8221;][vc_column content_type=&#8221;block-media&#8221; shift_x=&#8221;0&#8243; shift_y=&#8221;0&#8243; z_index=&#8221;0&#8243; css=&#8221;.vc_custom_1716251430684{margin: 0px !important;padding: 0px !important;border: 0px initial !important;}&#8221;][vc_single_image image=&#8221;13539&#8243; img_size=&#8221;full&#8221; full_width=&#8221;1&#8243; opacity=&#8221;100&#8243; animated_svg=&#8221;1&#8243; max_width=&#8221;100%&#8221; css=&#8221;.vc_custom_1776284250240{margin-right: 0px !important;margin-left: 0px !important;border-right-width: 0px !important;border-left-width: 0px !important;padding-right: 0px !important;padding-left: 0px !important;}&#8221;][\/vc_column][\/vc_row][vc_row equal_height=&#8221;&#8221; background_type=&#8221;image&#8221;&#8230;<\/p>\n<p><a rel=\"bookmark\" class=\"theme-button-text wvc-button wvc-button-size-xs\" href=\"https:\/\/amusicavive.com\/2024\/artistas-amv-amanda-magalhaes\/\"><small class=\"wvc-button-background-fill\"><\/small><span>Continue reading<\/span><\/a><\/p>\n","protected":false},"author":9,"featured_media":0,"parent":0,"menu_order":0,"comment_status":"closed","ping_status":"closed","template":"","meta":{"footnotes":""},"class_list":{"0":"post-13537","1":"page","2":"type-page","3":"status-publish","4":"hentry","5":"entry","6":"clearfix","7":"entry-grid","8":"entry-columns-default","9":"entry-page-module-layout-standard","10":"is-youtube","11":"has-video","12":"no-post-thumbnail","13":"entry-page","15":"entry-page-grid"},"_links":{"self":[{"href":"https:\/\/amusicavive.com\/2024\/wp-json\/wp\/v2\/pages\/13537"}],"collection":[{"href":"https:\/\/amusicavive.com\/2024\/wp-json\/wp\/v2\/pages"}],"about":[{"href":"https:\/\/amusicavive.com\/2024\/wp-json\/wp\/v2\/types\/page"}],"author":[{"embeddable":true,"href":"https:\/\/amusicavive.com\/2024\/wp-json\/wp\/v2\/users\/9"}],"replies":[{"embeddable":true,"href":"https:\/\/amusicavive.com\/2024\/wp-json\/wp\/v2\/comments?post=13537"}],"version-history":[{"count":28,"href":"https:\/\/amusicavive.com\/2024\/wp-json\/wp\/v2\/pages\/13537\/revisions"}],"predecessor-version":[{"id":13606,"href":"https:\/\/amusicavive.com\/2024\/wp-json\/wp\/v2\/pages\/13537\/revisions\/13606"}],"wp:attachment":[{"href":"https:\/\/amusicavive.com\/2024\/wp-json\/wp\/v2\/media?parent=13537"}],"curies":[{"name":"wp","href":"https:\/\/api.w.org\/{rel}","templated":true}]}}