{"id":13592,"date":"2026-04-17T14:26:07","date_gmt":"2026-04-17T17:26:07","guid":{"rendered":"https:\/\/amusicavive.com\/2024\/?page_id=13592"},"modified":"2026-04-17T14:40:36","modified_gmt":"2026-04-17T17:40:36","slug":"artistas-amv-renan-inquerito","status":"publish","type":"page","link":"https:\/\/amusicavive.com\/2024\/artistas-amv-renan-inquerito\/","title":{"rendered":"Artistas AMV &#8211; Renan Inqu\u00e9rito"},"content":{"rendered":"<div class=\"wpb-content-wrapper\"><p>[vc_row content_width=&#8221;full&#8221; equal_height=&#8221;&#8221; shift_y=&#8221;0&#8243; z_index=&#8221;0&#8243; css=&#8221;.vc_custom_1718639417679{margin-top: 0px !important;margin-right: 0px !important;margin-bottom: 0px !important;margin-left: 0px !important;padding-top: 0px !important;padding-right: 0px !important;padding-bottom: 0px !important;padding-left: 0px !important;}&#8221;][vc_column content_type=&#8221;block-media&#8221; shift_x=&#8221;0&#8243; shift_y=&#8221;0&#8243; z_index=&#8221;0&#8243; css=&#8221;.vc_custom_1716251430684{margin: 0px !important;padding: 0px !important;border: 0px initial !important;}&#8221;][vc_single_image image=&#8221;13596&#8243; img_size=&#8221;full&#8221; full_width=&#8221;1&#8243; opacity=&#8221;100&#8243; animated_svg=&#8221;1&#8243; max_width=&#8221;100%&#8221; css=&#8221;.vc_custom_1776446171995{margin-right: 0px !important;margin-left: 0px !important;border-right-width: 0px !important;border-left-width: 0px !important;padding-right: 0px !important;padding-left: 0px !important;}&#8221;][\/vc_column][\/vc_row][vc_row equal_height=&#8221;&#8221; background_type=&#8221;image&#8221; background_color=&#8221;custom&#8221; background_img_lazyload=&#8221;1&#8243; shift_y=&#8221;0&#8243; z_index=&#8221;0&#8243; background_custom_color=&#8221;#292829&#8243;][vc_column content_placement=&#8221;middle&#8221; text_alignment=&#8221;center&#8221; shift_x=&#8221;0&#8243; shift_y=&#8221;0&#8243; z_index=&#8221;0&#8243;][vc_video link=&#8221;https:\/\/www.youtube.com\/watch?v=thElgO52f2Q&#8221; inline_style=&#8221;align:center;&#8221;][\/vc_column][\/vc_row][vc_row content_width=&#8221;full&#8221; full_height=&#8221;yes&#8221; columns_placement=&#8221;stretch&#8221; equal_height=&#8221;&#8221; font_color=&#8221;light&#8221; background_type=&#8221;image&#8221; background_color=&#8221;custom&#8221; background_img_lazyload=&#8221;1&#8243; shift_y=&#8221;0&#8243; z_index=&#8221;0&#8243; css=&#8221;.vc_custom_1718640233290{margin-top: 0px !important;margin-right: 0px !important;margin-bottom: 0px !important;margin-left: 0px !important;}&#8221; background_custom_color=&#8221;#292829&#8243;][vc_column width=&#8221;1\/2&#8243; background_type=&#8221;image&#8221; background_color=&#8221;custom&#8221; background_img_lazyload=&#8221;1&#8243; shift_x=&#8221;0&#8243; shift_y=&#8221;0&#8243; z_index=&#8221;0&#8243; background_custom_color=&#8221;#292829&#8243;][vc_column_text css=&#8221;.vc_custom_1776446952385{padding-top: 30px !important;}&#8221;]<\/p>\n<h1 style=\"line-height: 36px; font-size: 42px; color: #fdb940 !important;\">RENAN INQU\u00c9RITO<br \/>\n<span style=\"color: #fff !important;\">TURN\u00ca TIREOIDE<\/span><\/h1>\n<p><img loading=\"lazy\" decoding=\"async\" class=\"alignnone size-full wp-image-12893\" src=\"https:\/\/amusicavive.com\/2024\/wp-content\/uploads\/2024\/06\/funkcolegusta-site_AMV_0000s_0001_Buttom.png\" alt=\"\" width=\"123\" height=\"29\" \/><\/p>\n<p>[\/vc_column_text][vc_column_text]<\/p>\n<p style=\"color: #fff;\">A pot\u00eancia do rap nacional em um documento sonoro de sobreviv\u00eancia. Um show visceral para palcos que buscam densidade e entrega art\u00edstica.<\/p>\n<p>Em seu d\u00e9cimo \u00e1lbum de est\u00fadio, Renan Inqu\u00e9rito transforma o fio da navalha em arte. A turn\u00ea Tireoide documenta seu processo de supera\u00e7\u00e3o ao c\u00e2ncer em um relato autobiogr\u00e1fico cru e confessional. Mais do que um show de rap, \u00e9 uma performance de contrastes \u2014 entre o peso do diagn\u00f3stico e a celebra\u00e7\u00e3o da cura. A voz que &#8220;tem asas&#8221; percorre uma jornada que conecta a vulnerabilidade da faixa &#8220;Elis N\u00e3o Sabe Nada&#8221; \u00e0 for\u00e7a de quem fundou o Inqu\u00e9rito em 1997.<\/p>\n<p>O show Tireoide foi concebido exclusivamente para o formato de Teatros, Audit\u00f3rios e Centros Culturais.<\/p>\n<p>Ideal para curadorias que buscam densidade po\u00e9tica e alta fidelidade t\u00e9cnica. O espet\u00e1culo entrega uma experi\u00eancia imersiva com rider de som e luz desenhados para a ac\u00fastica de teatros, garantindo o m\u00e1ximo impacto da palavra e da performance.<\/p>\n<p>[\/vc_column_text][vc_single_image image=&#8221;13594&#8243; img_size=&#8221;full&#8221; full_width=&#8221;1&#8243; opacity=&#8221;100&#8243;][vc_raw_html css=&#8221;&#8221;]JTNDZGl2JTIwY2xhc3MlM0QlMjJpbWFnZW5zJTIyJTNFJTBBJTNDYSUyMGhyZWYlM0QlMjJodHRwcyUzQSUyRiUyRmFtdXNpY2F2aXZlLmNvbSUyRjIwMjQlMkZjb250cmF0ZSUyRiUyMiUyMHRhcmdldCUzRCUyMl9ibGFuayUyMiUzRSUwQSUzQ2ltZyUyMHNyYyUzRCUyMmh0dHBzJTNBJTJGJTJGYW11c2ljYXZpdmUuY29tJTJGMjAyNCUyRndwLWNvbnRlbnQlMkZ1cGxvYWRzJTJGMjAyNiUyRjA0JTJGYW1hbmRhMDFzaXRlX0FNVl8wMDAxX0JvdGFvLVNob3cucG5nMl8ucG5nJTIyJTIwYWx0JTNEJUUyJTgwJTlDYWdlbmRlJTIwdW0lMjBzaG93JUUyJTgwJTlEJTNFJTBBJTNDJTJGYSUzRSUwQSUzQ2ElMjBocmVmJTNEJTIyaHR0cHMlM0ElMkYlMkZkcml2ZS5nb29nbGUuY29tJTJGZmlsZSUyRmQlMkYxdlg0QkRWUFBNYllDX0NDZmozaHdWVHRfLWZjWS1vakIlMkZ2aWV3JTNGdXNwJTNEc2hhcmluZyUyMiUyMHRhcmdldCUzRCUyMl9ibGFuayUyMiUzRSUwQSUzQ2ltZyUyMHNyYyUzRCUyMmh0dHBzJTNBJTJGJTJGYW11c2ljYXZpdmUuY29tJTJGMjAyNCUyRndwLWNvbnRlbnQlMkZ1cGxvYWRzJTJGMjAyNiUyRjA0JTJGYW1hbmRhMDFzaXRlX0FNVl8wMDAyX0JvdGFvLVByZXNza2l0MjMucG5nJTIyJTIwYWx0JTNEJUUyJTgwJTlDcHJlc3NraXQlRTIlODAlOUQlM0UlMEElM0MlMkZhJTNFJTBBJTNDJTJGZGl2JTNFJTBBJTBBJTNDc3R5bGUlM0UlMEEuaW1hZ2VucyUyMCU3QiUwQWRpc3BsYXklM0ElMjBmbGV4JTNCJTBBZ2FwJTNBJTIwMTBweCUzQiUwQSU3RCUwQSUwQS5pbWFnZW5zJTIwaW1nJTIwJTdCJTBBZmxleCUzQSUyMDElM0IlMEFtYXgtd2lkdGglM0ElMjAxMDAlMjUlM0IlMEFoZWlnaHQlM0ElMjBhdXRvJTNCJTBBJTdEJTBBJTNDJTJGc3R5bGUlM0U=[\/vc_raw_html][\/vc_column][vc_column content_type=&#8221;block-media&#8221; width=&#8221;1\/2&#8243; background_type=&#8221;image&#8221; background_color=&#8221;custom&#8221; background_img_lazyload=&#8221;1&#8243; shift_x=&#8221;0&#8243; shift_y=&#8221;0&#8243; z_index=&#8221;0&#8243; background_custom_color=&#8221;#292829&#8243; max_width=&#8221;100%&#8221; css=&#8221;.vc_custom_1718642978660{margin-top: -40px !important;margin-right: 0px !important;margin-left: 0px !important;border-right-width: 0px !important;border-left-width: 0px !important;padding-right: 0px !important;padding-left: 0px !important;}&#8221;][vc_raw_html css=&#8221;&#8221;]JTNDaWZyYW1lJTIwZGF0YS10ZXN0aWQlM0QlMjJlbWJlZC1pZnJhbWUlMjIlMjBzdHlsZSUzRCUyMmJvcmRlci1yYWRpdXMlM0ExMnB4JTIyJTIwc3JjJTNEJTIyaHR0cHMlM0ElMkYlMkZvcGVuLnNwb3RpZnkuY29tJTJGZW1iZWQlMkZhcnRpc3QlMkYxWEhJVEdmQll2dHNwQUQ0cGFuTzVnJTNGdXRtX3NvdXJjZSUzRGdlbmVyYXRvciUyNnRoZW1lJTNEMCUyMiUyMHdpZHRoJTNEJTIyMTAwJTI1JTIyJTIwaGVpZ2h0JTNEJTIyMzUyJTIyJTIwZnJhbWVCb3JkZXIlM0QlMjIwJTIyJTIwYWxsb3dmdWxsc2NyZWVuJTNEJTIyJTIyJTIwYWxsb3clM0QlMjJhdXRvcGxheSUzQiUyMGNsaXBib2FyZC13cml0ZSUzQiUyMGVuY3J5cHRlZC1tZWRpYSUzQiUyMGZ1bGxzY3JlZW4lM0IlMjBwaWN0dXJlLWluLXBpY3R1cmUlMjIlMjBsb2FkaW5nJTNEJTIybGF6eSUyMiUzRSUzQyUyRmlmcmFtZSUzRQ==[\/vc_raw_html][vc_single_image image=&#8221;12894&#8243; img_size=&#8221;full&#8221; full_width=&#8221;1&#8243; opacity=&#8221;100&#8243; animated_svg=&#8221;1&#8243; max_width=&#8221;100%&#8221; css_animation=&#8221;slide-left&#8221; css_animation_delay=&#8221;600&#8243; css=&#8221;.vc_custom_1718639890260{margin-right: 0px !important;margin-bottom: 0px !important;margin-left: 0px !important;border-right-width: 0px !important;border-bottom-width: 0px !important;border-left-width: 0px !important;padding-right: 0px !important;padding-bottom: 0px !important;padding-left: 0px !important;}&#8221;][\/vc_column][\/vc_row][vc_row column_type=&#8221;block&#8221; font_color=&#8221;light&#8221; shift_y=&#8221;0&#8243; z_index=&#8221;0&#8243;][vc_column width=&#8221;1\/3&#8243; background_type=&#8221;image&#8221; background_color=&#8221;custom&#8221; background_img_lazyload=&#8221;1&#8243; shift_x=&#8221;0&#8243; shift_y=&#8221;0&#8243; z_index=&#8221;0&#8243; background_custom_color=&#8221;#65b170&#8243;][vc_column_text css=&#8221;.vc_custom_1776447418330{padding-top: 10px !important;}&#8221;]<\/p>\n<h1 style=\"line-height: 10px; font-size: 32px; color: #000 !important;\">LOCAL<\/h1>\n<h1 style=\"line-height: 10px; font-size: 32px; color: #fff !important;\">S\u00c3O PAULO<\/h1>\n<h1 style=\"line-height: 10px; font-size: 32px; color: #000 !important;\">G\u00caNERO<\/h1>\n<h1 style=\"line-height: 10px; font-size: 32px; color: #fff !important;\">RAP<\/h1>\n<h1 style=\"line-height: 10px; font-size: 32px; color: #000 !important;\">M\u00cdDIAS<\/h1>\n<div style=\"margin-top: -20px;\">\n<div style=\"float: left; margin-right: 15px; font-size: 150%;\"><a href=\"https:\/\/www.instagram.com\/renaninquerito\/\" target=\"_blank\" rel=\"noopener\"><i class=\"fas fa-fa-brands fa-instagram\"><\/i><\/a><\/div>\n<div style=\"float: left; margin-right: 15px; font-size: 150%;\"><a href=\"https:\/\/www.youtube.com\/channel\/UCS17aDeYD89SwCPDvByEhNA\" target=\"_blank\" rel=\"noopener\"><i class=\"fas fa-fa-brands fa-youtube\"><\/i><\/a><\/div>\n<div style=\"float: left; margin-right: 8px; font-size: 150%;\"><a href=\"https:\/\/open.spotify.com\/artist\/1XHITGfBYvtspAD4panO5g?si=tHiLldTPSCWBsEPf7arNPw\" target=\"_blank\" rel=\"noopener\"><i class=\"fas fa-fa-brands fa-spotify\"><\/i><\/a><\/div>\n<\/div>\n<p>[\/vc_column_text][\/vc_column][vc_column width=&#8221;2\/3&#8243; background_type=&#8221;image&#8221; background_color=&#8221;custom&#8221; background_img_lazyload=&#8221;1&#8243; shift_x=&#8221;0&#8243; shift_y=&#8221;0&#8243; z_index=&#8221;0&#8243; background_custom_color=&#8221;#009ddb&#8221;][vc_column_text]Renan Inqu\u00e9rito come\u00e7ou sua trajet\u00f3ria nos anos 90 em uma r\u00e1dio comunit\u00e1ria, onde se conectou ao hip-hop e foi influenciado por Sobrevivendo no Inferno, migrando de DJ para MC. Criador do grupo Inqu\u00e9rito, construiu uma carreira s\u00f3lida que une m\u00fasica, literatura e educa\u00e7\u00e3o, usando a palavra como instrumento de questionamento, express\u00e3o e transforma\u00e7\u00e3o social.<\/p>\n<p><a href=\"http:\/\/renaninquerito.com.br\"><span style=\"font-size: 18pt;\">renaninquerito.com.br<\/span><\/a>[\/vc_column_text][\/vc_column][\/vc_row][vc_row content_width=&#8221;full&#8221; equal_height=&#8221;&#8221; shift_y=&#8221;0&#8243; z_index=&#8221;0&#8243;][vc_column content_type=&#8221;block-media&#8221; background_type=&#8221;transparent&#8221; shift_x=&#8221;0&#8243; shift_y=&#8221;0&#8243; z_index=&#8221;0&#8243; sticky=&#8221;true&#8221;][vc_button title=&#8221;SOLICITE A SUA PROPOSTA DE SHOW&#8221; color=&#8221;custom&#8221; size=&#8221;lg&#8221; i_type=&#8221;fontawesome&#8221; i_icon_fontawesome=&#8221;fas fa-volume-up&#8221; font_weight=&#8221;400&#8243; button_block=&#8221;true&#8221; add_icon=&#8221;true&#8221; link=&#8221;url:https%3A%2F%2Famusicavive.com%2Fcontrate%2F|target:_blank&#8221; custom_color=&#8221;#65b170&#8243; inline_style=&#8221;font-size: 150%;&#8221;][\/vc_column][\/vc_row][vc_row content_width=&#8221;full&#8221; equal_height=&#8221;&#8221; shift_y=&#8221;0&#8243; z_index=&#8221;0&#8243;][vc_column content_type=&#8221;block-media&#8221; background_type=&#8221;transparent&#8221; shift_x=&#8221;0&#8243; shift_y=&#8221;0&#8243; z_index=&#8221;0&#8243; sticky=&#8221;true&#8221;][vc_single_image image=&#8221;13602&#8243; img_size=&#8221;full&#8221; full_width=&#8221;1&#8243; opacity=&#8221;100&#8243;][\/vc_column][\/vc_row][vc_row columns_placement=&#8221;middle&#8221; equal_height=&#8221;&#8221; hide_class=&#8221;wvc-hide-tablet&#8221; background_type=&#8221;image&#8221; background_color=&#8221;transparent&#8221; background_img=&#8221;12856&#8243; background_position=&#8221;center bottom&#8221; background_size=&#8221;contain&#8221; background_img_lazyload=&#8221;1&#8243; shift_y=&#8221;0&#8243; z_index=&#8221;0&#8243;][vc_column width=&#8221;1\/2&#8243; background_type=&#8221;image&#8221; background_position=&#8221;center bottom&#8221; background_img_lazyload=&#8221;1&#8243; shift_x=&#8221;0&#8243; shift_y=&#8221;0&#8243; z_index=&#8221;0&#8243; css=&#8221;.vc_custom_1718473488281{padding-top: 0px !important;}&#8221;][vc_single_image image=&#8221;12340&#8243; full_width=&#8221;&#8221; opacity=&#8221;100&#8243; max_width=&#8221;50%&#8221;][\/vc_column][vc_column width=&#8221;1\/4&#8243; shift_x=&#8221;0&#8243; shift_y=&#8221;0&#8243; z_index=&#8221;0&#8243; css=&#8221;.vc_custom_1718473313670{padding-bottom: 30px !important;}&#8221;][vc_column_text text_align_mobile=&#8221;center&#8221;]<span style=\"color: #f06798; font-weight: bold; font-size: 110%;\">Contato<\/span><\/p>\n<div>\n<div style=\"float: left; margin-right: 15px; font-size: 130%;\"><a href=\"https:\/\/www.linkedin.com\/company\/amusicavive\/\" target=\"_blank\" rel=\"noopener\"><i class=\"fas fa-fa-brands fa-linkedin-in\"><\/i><\/a><\/div>\n<div style=\"float: left; margin-right: 15px; font-size: 130%;\"><a href=\"https:\/\/open.spotify.com\/user\/jvuehrfiay1ssl1rbrp6g3meu?si=ad7082f25f8843ea\" target=\"_blank\" rel=\"noopener\"><i class=\"fas fa-fa-brands fa-spotify\"><\/i><\/a><\/div>\n<div style=\"float: left; margin-right: 8px; font-size: 130%;\"><a href=\"https:\/\/www.instagram.com\/a.musica.vive\/\" target=\"_blank\" rel=\"noopener\"><i class=\"fas fa-fa-brands fa-instagram\"><\/i><\/a><\/div>\n<\/div>\n<p>&nbsp;<\/p>\n<div style=\"float: left;\"><a href=\"mailto:atendimento@amusicavive.com\" target=\"_blank\" rel=\"noopener\">atendimento@amusicavive.com<\/a><br \/>\n+55 11 99984 9567<br \/>\n1091 Av Presidente Kennedy<br \/>\nPiracicaba, S\u00e3o Paulo<br \/>\n13417-050<\/div>\n<p>[\/vc_column_text][\/vc_column][vc_column width=&#8221;1\/4&#8243;][vc_column_text text_align_mobile=&#8221;center&#8221;]<br \/>\n<span style=\"color: #fdb940; font-weight: bold; font-size: 110%;\">Sobre n\u00f3s<\/span><\/p>\n<p><a href=\"https:\/\/amusicavive.com\/2024\/landing-page-artistas-amv\/\">Conhe\u00e7a nossos artistas<\/a><br \/>\n<a href=\"https:\/\/amusicavive.com\/contrate\" target=\"_blank\" rel=\"noopener\">Solicitar proposta<\/a><br \/>\n<a href=\"https:\/\/amusicavive.com\/2024\/quem-somos-amv\">Quem somos<\/a><br \/>\n<a href=\"https:\/\/amusicavive.com\/2024\/experiencias-musicais-amv\/\">Experi\u00eancias musicais<\/a><br \/>\n<a href=\"https:\/\/www.reserva.ink\/amusicavive\" target=\"_blank\" rel=\"noopener\">Loja<\/a><br \/>\n<a href=\"https:\/\/amusicavive.com\/agenda\" target=\"_blank\" rel=\"noopener\">Agenda<\/a>[\/vc_column_text][\/vc_column][\/vc_row][vc_row columns_placement=&#8221;middle&#8221; equal_height=&#8221;&#8221; hide_class=&#8221;wvc-show-tablet&#8221; background_type=&#8221;image&#8221; background_color=&#8221;transparent&#8221; background_img=&#8221;12856&#8243; background_position=&#8221;center bottom&#8221; background_size=&#8221;contain&#8221; background_img_lazyload=&#8221;1&#8243; shift_y=&#8221;0&#8243; z_index=&#8221;0&#8243;][vc_column width=&#8221;1\/2&#8243; background_type=&#8221;image&#8221; background_position=&#8221;center bottom&#8221; background_img_lazyload=&#8221;1&#8243; shift_x=&#8221;0&#8243; shift_y=&#8221;0&#8243; z_index=&#8221;0&#8243; css=&#8221;.vc_custom_1718473488281{padding-top: 0px !important;}&#8221;][vc_single_image image=&#8221;12340&#8243; full_width=&#8221;&#8221; opacity=&#8221;100&#8243; max_width=&#8221;50%&#8221;][\/vc_column][vc_column width=&#8221;1\/2&#8243; shift_x=&#8221;0&#8243; shift_y=&#8221;0&#8243; z_index=&#8221;0&#8243; css=&#8221;.vc_custom_1718473313670{padding-bottom: 30px !important;}&#8221;][vc_column_text text_align_mobile=&#8221;center&#8221;]<\/p>\n<p style=\"text-align: center;\"><span style=\"color: #f06798; font-weight: bold; font-size: 110%;\">Contato<\/span><\/p>\n<div style=\"text-align: center;\">\n<div style=\"font-size: 120%;\"><a href=\"https:\/\/www.linkedin.com\/company\/amusicavive\/\" target=\"_blank\" rel=\"noopener\"><i class=\"fas fa-fa-brands fa-linkedin-in\"><\/i><\/a><\/div>\n<div style=\"font-size: 120%;\"><a href=\"https:\/\/open.spotify.com\/user\/jvuehrfiay1ssl1rbrp6g3meu?si=ad7082f25f8843ea\" target=\"_blank\" rel=\"noopener\"><i class=\"fas fa-fa-brands fa-spotify\"><\/i><\/a><\/div>\n<div style=\"font-size: 120%;\"><a href=\"https:\/\/www.instagram.com\/a.musica.vive\/\" target=\"_blank\" rel=\"noopener\"><i class=\"fas fa-fa-brands fa-instagram\"><\/i><\/a><\/div>\n<\/div>\n<div>\n<p style=\"text-align: center;\"><a href=\"mailto:atendimento@amusicavive.com\" target=\"_blank\" rel=\"noopener\">atendimento@amusicavive.com<\/a><br \/>\n+55 11 99984 9567<\/p>\n<p style=\"text-align: center;\">1091 Av Presidente Kennedy<br \/>\nPiracicaba, S\u00e3o Paulo<br \/>\n13417-050<\/p>\n<\/div>\n<p>[\/vc_column_text][vc_column_text text_align_mobile=&#8221;center&#8221;]<br \/>\n<span style=\"color: #fdb940; font-weight: bold; font-size: 110%;\">Sobre n\u00f3s<\/span><\/p>\n<p><a href=\"https:\/\/amusicavive.com\/2024\/landing-page-artistas-amv\/\">Conhe\u00e7a nossos artistas<\/a><br \/>\n<a href=\"https:\/\/amusicavive.com\/contrate\" target=\"_blank\" rel=\"noopener\">Solicitar proposta<\/a><br \/>\n<a href=\"https:\/\/amusicavive.com\/2024\/quem-somos-amv\">Quem somos<\/a><br \/>\n<a href=\"https:\/\/amusicavive.com\/2024\/experiencias-musicais-amv\/\">Experi\u00eancias musicais<\/a><br \/>\n<a href=\"https:\/\/www.reserva.ink\/amusicavive\" target=\"_blank\" rel=\"noopener\">Loja<\/a><br \/>\n<a href=\"https:\/\/amusicavive.com\/agenda\" target=\"_blank\" rel=\"noopener\">Agenda<\/a>[\/vc_column_text][\/vc_column][\/vc_row]<\/p>\n<\/div>","protected":false},"excerpt":{"rendered":"<p>[vc_row content_width=&#8221;full&#8221; equal_height=&#8221;&#8221; shift_y=&#8221;0&#8243; z_index=&#8221;0&#8243; css=&#8221;.vc_custom_1718639417679{margin-top: 0px !important;margin-right: 0px !important;margin-bottom: 0px !important;margin-left: 0px !important;padding-top: 0px !important;padding-right: 0px !important;padding-bottom: 0px !important;padding-left: 0px !important;}&#8221;][vc_column content_type=&#8221;block-media&#8221; shift_x=&#8221;0&#8243; shift_y=&#8221;0&#8243; z_index=&#8221;0&#8243; css=&#8221;.vc_custom_1716251430684{margin: 0px !important;padding: 0px !important;border: 0px initial !important;}&#8221;][vc_single_image image=&#8221;13596&#8243; img_size=&#8221;full&#8221; full_width=&#8221;1&#8243; opacity=&#8221;100&#8243; animated_svg=&#8221;1&#8243; max_width=&#8221;100%&#8221; css=&#8221;.vc_custom_1776446171995{margin-right: 0px !important;margin-left: 0px !important;border-right-width: 0px !important;border-left-width: 0px !important;padding-right: 0px !important;padding-left: 0px !important;}&#8221;][\/vc_column][\/vc_row][vc_row equal_height=&#8221;&#8221; background_type=&#8221;image&#8221;&#8230;<\/p>\n<p><a rel=\"bookmark\" class=\"theme-button-text wvc-button wvc-button-size-xs\" href=\"https:\/\/amusicavive.com\/2024\/artistas-amv-renan-inquerito\/\"><small class=\"wvc-button-background-fill\"><\/small><span>Continue reading<\/span><\/a><\/p>\n","protected":false},"author":9,"featured_media":0,"parent":0,"menu_order":0,"comment_status":"closed","ping_status":"closed","template":"","meta":{"footnotes":""},"class_list":{"0":"post-13592","1":"page","2":"type-page","3":"status-publish","4":"hentry","5":"entry","6":"clearfix","7":"entry-grid","8":"entry-columns-default","9":"entry-page-module-layout-standard","10":"is-youtube","11":"has-video","12":"no-post-thumbnail","13":"entry-page","15":"entry-page-grid"},"_links":{"self":[{"href":"https:\/\/amusicavive.com\/2024\/wp-json\/wp\/v2\/pages\/13592"}],"collection":[{"href":"https:\/\/amusicavive.com\/2024\/wp-json\/wp\/v2\/pages"}],"about":[{"href":"https:\/\/amusicavive.com\/2024\/wp-json\/wp\/v2\/types\/page"}],"author":[{"embeddable":true,"href":"https:\/\/amusicavive.com\/2024\/wp-json\/wp\/v2\/users\/9"}],"replies":[{"embeddable":true,"href":"https:\/\/amusicavive.com\/2024\/wp-json\/wp\/v2\/comments?post=13592"}],"version-history":[{"count":8,"href":"https:\/\/amusicavive.com\/2024\/wp-json\/wp\/v2\/pages\/13592\/revisions"}],"predecessor-version":[{"id":13605,"href":"https:\/\/amusicavive.com\/2024\/wp-json\/wp\/v2\/pages\/13592\/revisions\/13605"}],"wp:attachment":[{"href":"https:\/\/amusicavive.com\/2024\/wp-json\/wp\/v2\/media?parent=13592"}],"curies":[{"name":"wp","href":"https:\/\/api.w.org\/{rel}","templated":true}]}}